{"id":850,"date":"2025-10-16T14:20:54","date_gmt":"2025-10-16T18:20:54","guid":{"rendered":"https:\/\/zec.solution.quebec\/the-zec\/"},"modified":"2025-11-24T13:52:47","modified_gmt":"2025-11-24T18:52:47","slug":"the-zec","status":"publish","type":"page","link":"https:\/\/zecpetitecascapedia.com\/en\/the-zec\/","title":{"rendered":"The ZEC"},"content":{"rendered":"<p>[et_pb_section fb_built=&#8221;1&#8243; _builder_version=&#8221;4.27.4&#8243; _module_preset=&#8221;default&#8221; custom_padding=&#8221;6px||1%||false|false&#8221; global_colors_info=&#8221;{}&#8221;][et_pb_row column_structure=&#8221;1_2,1_2&#8243; use_custom_gutter=&#8221;on&#8221; gutter_width=&#8221;1&#8243; make_equal=&#8221;on&#8221; _builder_version=&#8221;4.27.4&#8243; _module_preset=&#8221;default&#8221; width=&#8221;98%&#8221; max_width=&#8221;98%&#8221; custom_margin=&#8221;||||false|false&#8221; custom_padding=&#8221;0px||0px||true|false&#8221; global_colors_info=&#8221;{}&#8221;][et_pb_column type=&#8221;1_2&#8243; _builder_version=&#8221;4.27.4&#8243; _module_preset=&#8221;default&#8221; use_background_color_gradient=&#8221;on&#8221; background_color_gradient_direction=&#8221;177deg&#8221; background_color_gradient_stops=&#8221;rgba(6,24,44,0.87) 0%|rgba(6,148,172,0.76) 100%&#8221; background_color_gradient_overlays_image=&#8221;on&#8221; background_image=&#8221;https:\/\/zecpetitecascapedia.com\/wp-content\/uploads\/2025\/10\/zec-panneau.jpg&#8221; background_position=&#8221;top_center&#8221; background_vertical_offset=&#8221;5%&#8221; custom_padding=&#8221;12%|8%|12%|8%|false|true&#8221; custom_padding_tablet=&#8221;20%|7%|20%|7%|false|true&#8221; custom_padding_phone=&#8221;20%|7%|20%|7%|false|true&#8221; custom_padding_last_edited=&#8221;on|tablet&#8221; border_width_right=&#8221;8px&#8221; border_color_right=&#8221;#FFFFFF&#8221; border_color_bottom=&#8221;#FFFFFF&#8221; border_width_right_tablet=&#8221;0px&#8221; border_width_right_phone=&#8221;0px&#8221; border_width_right_last_edited=&#8221;on|tablet&#8221; border_width_bottom_tablet=&#8221;8px&#8221; border_width_bottom_phone=&#8221;4px&#8221; border_width_bottom_last_edited=&#8221;on|tablet&#8221; global_colors_info=&#8221;{}&#8221;][et_pb_text module_class=&#8221;citrus&#8221; _builder_version=&#8221;4.27.4&#8243; _module_preset=&#8221;default&#8221; header_text_color=&#8221;#FFFFFF&#8221; header_font_size=&#8221;4.5vw&#8221; header_2_text_color=&#8221;#FFFFFF&#8221; max_width_tablet=&#8221;80%&#8221; max_width_phone=&#8221;100%&#8221; max_width_last_edited=&#8221;on|tablet&#8221; custom_margin=&#8221;||30px||false|false&#8221; custom_margin_tablet=&#8221;||0px||false|false&#8221; custom_margin_phone=&#8221;||0px||false|false&#8221; custom_margin_last_edited=&#8221;on|tablet&#8221; header_font_size_tablet=&#8221;50px&#8221; header_font_size_phone=&#8221;35px&#8221; header_font_size_last_edited=&#8221;on|desktop&#8221; header_2_font_size_tablet=&#8221;40px&#8221; header_2_font_size_phone=&#8221;38px&#8221; header_2_font_size_last_edited=&#8221;on|phone&#8221; global_colors_info=&#8221;{}&#8221;]<\/p>\n<h1>ZEC Petite cascapedia River<\/h1>\n<p>[\/et_pb_text][\/et_pb_column][et_pb_column type=&#8221;1_2&#8243; module_class=&#8221;hero-accueil-col2&#8243; _builder_version=&#8221;4.27.4&#8243; _module_preset=&#8221;default&#8221; background_color=&#8221;#06182C&#8221; background_enable_image=&#8221;off&#8221; background_position=&#8221;top_center&#8221; custom_padding_tablet=&#8221;15%|7%|15%|7%|true|true&#8221; custom_padding_phone=&#8221;12%||12%||true|false&#8221; custom_padding_last_edited=&#8221;on|tablet&#8221; border_width_left=&#8221;8px&#8221; border_color_left=&#8221;#FFFFFF&#8221; border_width_left_tablet=&#8221;0px&#8221; border_width_left_phone=&#8221;0px&#8221; border_width_left_last_edited=&#8221;on|tablet&#8221; global_colors_info=&#8221;{}&#8221;][et_pb_text module_class=&#8221;texte-intro-page&#8221; _builder_version=&#8221;4.27.4&#8243; _module_preset=&#8221;default&#8221; text_text_color=&#8221;#FFFFFF&#8221; global_colors_info=&#8221;{}&#8221;]<\/p>\n<p>By establishing the Petite Cascapedia Wildlife Reserve on June 28, 1945, the Quebec government created one of the first public rivers. Since 1991, most of the waterway has been a controlled harvesting zone (ZEC) managed by the Cascapedia Rivers Sport Fishing Association. The remainder of the river consists of an outfitter, Camp Br\u00fbl\u00e9, and a few kilometers of private waters downstream from the ZEC territory.<\/p>\n<p>[\/et_pb_text][\/et_pb_column][\/et_pb_row][\/et_pb_section][et_pb_section fb_built=&#8221;1&#8243; custom_padding_last_edited=&#8221;on|phone&#8221; _builder_version=&#8221;4.27.4&#8243; _module_preset=&#8221;default&#8221; custom_padding=&#8221;6%||6%||false|false&#8221; custom_padding_tablet=&#8221;&#8221; custom_padding_phone=&#8221;12%||12%||true|false&#8221; global_colors_info=&#8221;{}&#8221;][et_pb_row column_structure=&#8221;3_5,2_5&#8243; use_custom_gutter=&#8221;on&#8221; gutter_width=&#8221;4&#8243; make_equal=&#8221;on&#8221; custom_padding_last_edited=&#8221;on|desktop&#8221; _builder_version=&#8221;4.27.4&#8243; _module_preset=&#8221;default&#8221; width_tablet=&#8221;86%&#8221; width_phone=&#8221;86%&#8221; width_last_edited=&#8221;on|tablet&#8221; max_width_tablet=&#8221;86%&#8221; max_width_phone=&#8221;86%&#8221; max_width_last_edited=&#8221;on|tablet&#8221; custom_padding=&#8221;0px||0px||false|false&#8221; custom_padding_tablet=&#8221;0px||0px||false|false&#8221; custom_padding_phone=&#8221;0px||0px||false|false&#8221; global_colors_info=&#8221;{}&#8221;][et_pb_column type=&#8221;3_5&#8243; _builder_version=&#8221;4.27.4&#8243; _module_preset=&#8221;default&#8221; global_colors_info=&#8221;{}&#8221;][et_pb_text module_class=&#8221;citrus&#8221; _builder_version=&#8221;4.27.4&#8243; _module_preset=&#8221;default&#8221; header_2_font=&#8221;||||||||&#8221; header_2_text_color=&#8221;#0694AC&#8221; header_2_font_size=&#8221;2.7vw&#8221; header_2_line_height=&#8221;1.1em&#8221; max_width=&#8221;650px&#8221; max_width_tablet=&#8221;650px&#8221; max_width_phone=&#8221;650px&#8221; max_width_last_edited=&#8221;on|desktop&#8221; custom_margin=&#8221;||15px||false|false&#8221; header_2_font_size_tablet=&#8221;35px&#8221; header_2_font_size_phone=&#8221;25px&#8221; header_2_font_size_last_edited=&#8221;on|phone&#8221; global_colors_info=&#8221;{}&#8221;]<\/p>\n<h2>Crystal-clear, cold water ideal for salmon and sea trout!<\/h2>\n<p>[\/et_pb_text][et_pb_text _builder_version=&#8221;4.27.4&#8243; _module_preset=&#8221;default&#8221; max_width=&#8221;95%&#8221; max_width_tablet=&#8221;100%&#8221; max_width_phone=&#8221;100%&#8221; max_width_last_edited=&#8221;on|desktop&#8221; global_colors_info=&#8221;{}&#8221;]<\/p>\n<p>The Cascapedia Rivers Sport Fishing Association is the non-profit organization that has been mandated to manage the controlled exploitation zone of the Petite rivi\u00e8re Cascapedia since 1991.<\/p>\n<p><\/p>\n<p>It is managed by a board of directors composed of seven members. These are local people elected at the annual general meeting for two-year terms. They meet six to seven times a year as needed. Their involvement contributes to: the employment of eight people in seasonal but highly beneficial positions for the region; the development, conservation, and future of the region&#8217;s resources.<\/p>\n<p>[\/et_pb_text][\/et_pb_column][et_pb_column type=&#8221;2_5&#8243; _builder_version=&#8221;4.27.4&#8243; _module_preset=&#8221;default&#8221; background_enable_color=&#8221;off&#8221; global_colors_info=&#8221;{}&#8221;][et_pb_image src=&#8221;https:\/\/zecpetitecascapedia.com\/wp-content\/uploads\/2025\/10\/riviere-petite-cascapedia-image-7.jpg&#8221; title_text=&#8221;riviere-petite-cascapedia-image-7&#8243; _builder_version=&#8221;4.27.4&#8243; _module_preset=&#8221;default&#8221; border_radii=&#8221;on|30px|30px|30px|30px&#8221; global_colors_info=&#8221;{}&#8221;][\/et_pb_image][\/et_pb_column][\/et_pb_row][et_pb_row column_structure=&#8221;1_2,1_2&#8243; use_custom_gutter=&#8221;on&#8221; gutter_width=&#8221;2&#8243; make_equal=&#8221;on&#8221; custom_padding_last_edited=&#8221;on|phone&#8221; _builder_version=&#8221;4.27.4&#8243; _module_preset=&#8221;default&#8221; width_tablet=&#8221;86%&#8221; width_phone=&#8221;86%&#8221; width_last_edited=&#8221;on|tablet&#8221; max_width_tablet=&#8221;86%&#8221; max_width_phone=&#8221;86%&#8221; max_width_last_edited=&#8221;on|tablet&#8221; custom_margin=&#8221;3%||||false|false&#8221; custom_padding_tablet=&#8221;&#8221; custom_padding_phone=&#8221;10%||10%||false|false&#8221; global_colors_info=&#8221;{}&#8221;][et_pb_column type=&#8221;1_2&#8243; _builder_version=&#8221;4.27.4&#8243; _module_preset=&#8221;default&#8221; border_width_all=&#8221;1px&#8221; border_color_all=&#8221;#06182C&#8221; global_colors_info=&#8221;{}&#8221;][et_pb_text _builder_version=&#8221;4.27.4&#8243; _module_preset=&#8221;default&#8221; header_3_font=&#8221;|700|||||||&#8221; header_3_text_color=&#8221;#06182C&#8221; header_3_font_size=&#8221;30px&#8221; custom_margin=&#8221;||20px||false|false&#8221; custom_margin_tablet=&#8221;||0px||false|false&#8221; custom_margin_phone=&#8221;||0px||false|false&#8221; custom_margin_last_edited=&#8221;on|tablet&#8221; custom_padding=&#8221;10%|10%|10%|10%|true|true&#8221; border_color_all=&#8221;#06182C&#8221; global_colors_info=&#8221;{}&#8221;]<\/p>\n<h3 class=\"citru\">Team<\/h3>\n<p><\/p>\n<p>&nbsp;<\/p>\n<p><\/p>\n<p><strong>\u00c9ric Boudreau<\/strong>, general manager<\/p>\n<p><\/p>\n<p><strong>Michel Forest<\/strong>, wildlife protection assistant<\/p>\n<p><\/p>\n<p><strong>\u00c9ric Dunn<\/strong>, wildlife protection assistant<\/p>\n<p><\/p>\n<p><strong>Judith Savard<\/strong>, reception desk<\/p>\n<p><\/p>\n<p><strong>Th\u00e9r\u00e8se Gagn\u00e9, <\/strong>reception desk<\/p>\n<p><\/p>\n<p><strong>Noella Forest<\/strong>, housekeeping<\/p>\n<p>[\/et_pb_text][\/et_pb_column][et_pb_column type=&#8221;1_2&#8243; _builder_version=&#8221;4.27.4&#8243; _module_preset=&#8221;default&#8221; border_width_all=&#8221;1px&#8221; border_color_all=&#8221;#06182C&#8221; global_colors_info=&#8221;{}&#8221;][et_pb_text _builder_version=&#8221;4.27.4&#8243; _module_preset=&#8221;default&#8221; header_3_font=&#8221;|700|||||||&#8221; header_3_text_color=&#8221;#06182C&#8221; header_3_font_size=&#8221;30px&#8221; custom_margin=&#8221;||20px||false|false&#8221; custom_margin_tablet=&#8221;||0px||false|false&#8221; custom_margin_phone=&#8221;||0px||false|false&#8221; custom_margin_last_edited=&#8221;on|tablet&#8221; custom_padding=&#8221;10%|10%|10%|10%|true|true&#8221; hover_enabled=&#8221;0&#8243; border_color_all=&#8221;#06182C&#8221; global_colors_info=&#8221;{}&#8221; sticky_enabled=&#8221;0&#8243;]<\/p>\n<h3 class=\"citru\">Board of Directors<\/h3>\n<p><\/p>\n<p>&nbsp;<\/p>\n<p><\/p>\n<p><strong>Amy Bujold<\/strong>, President<\/p>\n<p><\/p>\n<p><strong>Hughes Bujold<\/strong>, <em>Vice President<\/em><\/p>\n<p><\/p>\n<p><strong>Marika Dee<\/strong>, Treasurer<\/p>\n<p><\/p>\n<p><strong>Lyne Sexton<\/strong>, <em>Secretary<\/em><\/p>\n<p><\/p>\n<p><strong>Myrna Howatson<\/strong>, administrator<\/p>\n<p><\/p>\n<p><strong>Richard d&#8217;Entremont<\/strong>, administrator<\/p>\n<p><\/p>\n<p><strong>Vacant position<\/strong>, administrator<\/p>\n<p>[\/et_pb_text][\/et_pb_column][\/et_pb_row][\/et_pb_section]<\/p>\n","protected":false},"excerpt":{"rendered":"<p>ZEC Petite cascapedia RiverBy establishing the Petite Cascapedia Wildlife Reserve on June 28, 1945, the Quebec government created one of the first public rivers. Since 1991, most of the waterway has been a controlled harvesting zone (ZEC) managed by the Cascapedia Rivers Sport Fishing Association. The remainder of the river consists of an outfitter, Camp [&hellip;]<\/p>\n","protected":false},"author":1,"featured_media":0,"parent":0,"menu_order":0,"comment_status":"closed","ping_status":"closed","template":"","meta":{"_et_pb_use_builder":"on","_et_pb_old_content":"","_et_gb_content_width":"","inline_featured_image":false,"footnotes":""},"class_list":["post-850","page","type-page","status-publish","hentry"],"yoast_head":"<!-- This site is optimized with the Yoast SEO plugin v26.6 - https:\/\/yoast.com\/wordpress\/plugins\/seo\/ -->\n<title>The ZEC - ZEC Rivi\u00e8re Petite Cascap\u00e9dia<\/title>\n<meta name=\"robots\" content=\"index, follow, max-snippet:-1, max-image-preview:large, max-video-preview:-1\" \/>\n<link rel=\"canonical\" href=\"https:\/\/zecpetitecascapedia.com\/en\/the-zec\/\" \/>\n<meta property=\"og:locale\" content=\"en_US\" \/>\n<meta property=\"og:type\" content=\"article\" \/>\n<meta property=\"og:title\" content=\"The ZEC - ZEC Rivi\u00e8re Petite Cascap\u00e9dia\" \/>\n<meta property=\"og:description\" content=\"ZEC Petite cascapedia RiverBy establishing the Petite Cascapedia Wildlife Reserve on June 28, 1945, the Quebec government created one of the first public rivers. Since 1991, most of the waterway has been a controlled harvesting zone (ZEC) managed by the Cascapedia Rivers Sport Fishing Association. The remainder of the river consists of an outfitter, Camp [&hellip;]\" \/>\n<meta property=\"og:url\" content=\"https:\/\/zecpetitecascapedia.com\/en\/the-zec\/\" \/>\n<meta property=\"og:site_name\" content=\"ZEC Rivi\u00e8re Petite Cascap\u00e9dia\" \/>\n<meta property=\"article:publisher\" content=\"https:\/\/www.facebook.com\/zecpetitecascapedia1\" \/>\n<meta property=\"article:modified_time\" content=\"2025-11-24T18:52:47+00:00\" \/>\n<meta property=\"og:image\" content=\"https:\/\/zecpetitecascapedia.com\/wp-content\/uploads\/2025\/10\/ec-petite-cascapedia-tirages-reservation.jpg\" \/>\n\t<meta property=\"og:image:width\" content=\"1200\" \/>\n\t<meta property=\"og:image:height\" content=\"798\" \/>\n\t<meta property=\"og:image:type\" content=\"image\/jpeg\" \/>\n<meta name=\"twitter:card\" content=\"summary_large_image\" \/>\n<meta name=\"twitter:label1\" content=\"Est. reading time\" \/>\n\t<meta name=\"twitter:data1\" content=\"5 minutes\" \/>\n<script type=\"application\/ld+json\" class=\"yoast-schema-graph\">{\"@context\":\"https:\/\/schema.org\",\"@graph\":[{\"@type\":\"WebPage\",\"@id\":\"https:\/\/zecpetitecascapedia.com\/en\/the-zec\/\",\"url\":\"https:\/\/zecpetitecascapedia.com\/en\/the-zec\/\",\"name\":\"The ZEC - ZEC Rivi\u00e8re Petite Cascap\u00e9dia\",\"isPartOf\":{\"@id\":\"https:\/\/zecpetitecascapedia.com\/#website\"},\"datePublished\":\"2025-10-16T18:20:54+00:00\",\"dateModified\":\"2025-11-24T18:52:47+00:00\",\"breadcrumb\":{\"@id\":\"https:\/\/zecpetitecascapedia.com\/en\/the-zec\/#breadcrumb\"},\"inLanguage\":\"en-US\",\"potentialAction\":[{\"@type\":\"ReadAction\",\"target\":[\"https:\/\/zecpetitecascapedia.com\/en\/the-zec\/\"]}]},{\"@type\":\"BreadcrumbList\",\"@id\":\"https:\/\/zecpetitecascapedia.com\/en\/the-zec\/#breadcrumb\",\"itemListElement\":[{\"@type\":\"ListItem\",\"position\":1,\"name\":\"Accueil\",\"item\":\"https:\/\/zecpetitecascapedia.com\/\"},{\"@type\":\"ListItem\",\"position\":2,\"name\":\"The ZEC\"}]},{\"@type\":\"WebSite\",\"@id\":\"https:\/\/zecpetitecascapedia.com\/#website\",\"url\":\"https:\/\/zecpetitecascapedia.com\/\",\"name\":\"ZEC Rivi\u00e8re Petite Cascap\u00e9dia\",\"description\":\"Le paradis de la p\u00eache au saumon en Gasp\u00e9sie\",\"publisher\":{\"@id\":\"https:\/\/zecpetitecascapedia.com\/#organization\"},\"potentialAction\":[{\"@type\":\"SearchAction\",\"target\":{\"@type\":\"EntryPoint\",\"urlTemplate\":\"https:\/\/zecpetitecascapedia.com\/?s={search_term_string}\"},\"query-input\":{\"@type\":\"PropertyValueSpecification\",\"valueRequired\":true,\"valueName\":\"search_term_string\"}}],\"inLanguage\":\"en-US\"},{\"@type\":\"Organization\",\"@id\":\"https:\/\/zecpetitecascapedia.com\/#organization\",\"name\":\"ZEC Rivi\u00e8re Petite Cascap\u00e9dia\",\"url\":\"https:\/\/zecpetitecascapedia.com\/\",\"logo\":{\"@type\":\"ImageObject\",\"inLanguage\":\"en-US\",\"@id\":\"https:\/\/zecpetitecascapedia.com\/#\/schema\/logo\/image\/\",\"url\":\"https:\/\/zecpetitecascapedia.com\/wp-content\/uploads\/2025\/09\/logo-zec-petite-cascapedia.jpg\",\"contentUrl\":\"https:\/\/zecpetitecascapedia.com\/wp-content\/uploads\/2025\/09\/logo-zec-petite-cascapedia.jpg\",\"width\":500,\"height\":375,\"caption\":\"ZEC Rivi\u00e8re Petite Cascap\u00e9dia\"},\"image\":{\"@id\":\"https:\/\/zecpetitecascapedia.com\/#\/schema\/logo\/image\/\"},\"sameAs\":[\"https:\/\/www.facebook.com\/zecpetitecascapedia1\"]}]}<\/script>\n<!-- \/ Yoast SEO plugin. -->","yoast_head_json":{"title":"The ZEC - ZEC Rivi\u00e8re Petite Cascap\u00e9dia","robots":{"index":"index","follow":"follow","max-snippet":"max-snippet:-1","max-image-preview":"max-image-preview:large","max-video-preview":"max-video-preview:-1"},"canonical":"https:\/\/zecpetitecascapedia.com\/en\/the-zec\/","og_locale":"en_US","og_type":"article","og_title":"The ZEC - ZEC Rivi\u00e8re Petite Cascap\u00e9dia","og_description":"ZEC Petite cascapedia RiverBy establishing the Petite Cascapedia Wildlife Reserve on June 28, 1945, the Quebec government created one of the first public rivers. Since 1991, most of the waterway has been a controlled harvesting zone (ZEC) managed by the Cascapedia Rivers Sport Fishing Association. The remainder of the river consists of an outfitter, Camp [&hellip;]","og_url":"https:\/\/zecpetitecascapedia.com\/en\/the-zec\/","og_site_name":"ZEC Rivi\u00e8re Petite Cascap\u00e9dia","article_publisher":"https:\/\/www.facebook.com\/zecpetitecascapedia1","article_modified_time":"2025-11-24T18:52:47+00:00","og_image":[{"width":1200,"height":798,"url":"https:\/\/zecpetitecascapedia.com\/wp-content\/uploads\/2025\/10\/ec-petite-cascapedia-tirages-reservation.jpg","type":"image\/jpeg"}],"twitter_card":"summary_large_image","twitter_misc":{"Est. reading time":"5 minutes"},"schema":{"@context":"https:\/\/schema.org","@graph":[{"@type":"WebPage","@id":"https:\/\/zecpetitecascapedia.com\/en\/the-zec\/","url":"https:\/\/zecpetitecascapedia.com\/en\/the-zec\/","name":"The ZEC - ZEC Rivi\u00e8re Petite Cascap\u00e9dia","isPartOf":{"@id":"https:\/\/zecpetitecascapedia.com\/#website"},"datePublished":"2025-10-16T18:20:54+00:00","dateModified":"2025-11-24T18:52:47+00:00","breadcrumb":{"@id":"https:\/\/zecpetitecascapedia.com\/en\/the-zec\/#breadcrumb"},"inLanguage":"en-US","potentialAction":[{"@type":"ReadAction","target":["https:\/\/zecpetitecascapedia.com\/en\/the-zec\/"]}]},{"@type":"BreadcrumbList","@id":"https:\/\/zecpetitecascapedia.com\/en\/the-zec\/#breadcrumb","itemListElement":[{"@type":"ListItem","position":1,"name":"Accueil","item":"https:\/\/zecpetitecascapedia.com\/"},{"@type":"ListItem","position":2,"name":"The ZEC"}]},{"@type":"WebSite","@id":"https:\/\/zecpetitecascapedia.com\/#website","url":"https:\/\/zecpetitecascapedia.com\/","name":"ZEC Rivi\u00e8re Petite Cascap\u00e9dia","description":"Le paradis de la p\u00eache au saumon en Gasp\u00e9sie","publisher":{"@id":"https:\/\/zecpetitecascapedia.com\/#organization"},"potentialAction":[{"@type":"SearchAction","target":{"@type":"EntryPoint","urlTemplate":"https:\/\/zecpetitecascapedia.com\/?s={search_term_string}"},"query-input":{"@type":"PropertyValueSpecification","valueRequired":true,"valueName":"search_term_string"}}],"inLanguage":"en-US"},{"@type":"Organization","@id":"https:\/\/zecpetitecascapedia.com\/#organization","name":"ZEC Rivi\u00e8re Petite Cascap\u00e9dia","url":"https:\/\/zecpetitecascapedia.com\/","logo":{"@type":"ImageObject","inLanguage":"en-US","@id":"https:\/\/zecpetitecascapedia.com\/#\/schema\/logo\/image\/","url":"https:\/\/zecpetitecascapedia.com\/wp-content\/uploads\/2025\/09\/logo-zec-petite-cascapedia.jpg","contentUrl":"https:\/\/zecpetitecascapedia.com\/wp-content\/uploads\/2025\/09\/logo-zec-petite-cascapedia.jpg","width":500,"height":375,"caption":"ZEC Rivi\u00e8re Petite Cascap\u00e9dia"},"image":{"@id":"https:\/\/zecpetitecascapedia.com\/#\/schema\/logo\/image\/"},"sameAs":["https:\/\/www.facebook.com\/zecpetitecascapedia1"]}]}},"_links":{"self":[{"href":"https:\/\/zecpetitecascapedia.com\/en\/wp-json\/wp\/v2\/pages\/850","targetHints":{"allow":["GET"]}}],"collection":[{"href":"https:\/\/zecpetitecascapedia.com\/en\/wp-json\/wp\/v2\/pages"}],"about":[{"href":"https:\/\/zecpetitecascapedia.com\/en\/wp-json\/wp\/v2\/types\/page"}],"author":[{"embeddable":true,"href":"https:\/\/zecpetitecascapedia.com\/en\/wp-json\/wp\/v2\/users\/1"}],"replies":[{"embeddable":true,"href":"https:\/\/zecpetitecascapedia.com\/en\/wp-json\/wp\/v2\/comments?post=850"}],"version-history":[{"count":27,"href":"https:\/\/zecpetitecascapedia.com\/en\/wp-json\/wp\/v2\/pages\/850\/revisions"}],"predecessor-version":[{"id":1003,"href":"https:\/\/zecpetitecascapedia.com\/en\/wp-json\/wp\/v2\/pages\/850\/revisions\/1003"}],"wp:attachment":[{"href":"https:\/\/zecpetitecascapedia.com\/en\/wp-json\/wp\/v2\/media?parent=850"}],"curies":[{"name":"wp","href":"https:\/\/api.w.org\/{rel}","templated":true}]}}