{"id":736,"date":"2025-10-29T11:00:05","date_gmt":"2025-10-29T15:00:05","guid":{"rendered":"https:\/\/zec.solution.quebec\/huts\/"},"modified":"2025-11-18T13:52:44","modified_gmt":"2025-11-18T18:52:44","slug":"huts","status":"publish","type":"page","link":"https:\/\/zecpetitecascapedia.com\/en\/huts\/","title":{"rendered":"Ready-to-camp"},"content":{"rendered":"<p>[et_pb_section fb_built=&#8221;1&#8243; _builder_version=&#8221;4.27.4&#8243; _module_preset=&#8221;default&#8221; custom_padding=&#8221;6px||1%||false|false&#8221; global_colors_info=&#8221;{}&#8221;][et_pb_row column_structure=&#8221;1_2,1_2&#8243; use_custom_gutter=&#8221;on&#8221; gutter_width=&#8221;1&#8243; make_equal=&#8221;on&#8221; _builder_version=&#8221;4.27.4&#8243; _module_preset=&#8221;default&#8221; width=&#8221;98%&#8221; max_width=&#8221;98%&#8221; custom_margin=&#8221;||||false|false&#8221; custom_padding=&#8221;0px||0px||true|false&#8221; global_colors_info=&#8221;{}&#8221;][et_pb_column type=&#8221;1_2&#8243; _builder_version=&#8221;4.27.4&#8243; _module_preset=&#8221;default&#8221; use_background_color_gradient=&#8221;on&#8221; background_color_gradient_direction=&#8221;177deg&#8221; background_color_gradient_stops=&#8221;rgba(6,24,44,0.78) 0%|rgba(6,148,172,0.55) 100%&#8221; background_color_gradient_overlays_image=&#8221;on&#8221; background_image=&#8221;https:\/\/zecpetitecascapedia.com\/wp-content\/uploads\/2025\/10\/zec-petite-cascapedia-refuge-7.jpg&#8221; background_position=&#8221;top_center&#8221; custom_padding=&#8221;12%|8%|12%|8%|false|true&#8221; custom_padding_tablet=&#8221;20%|7%|20%|7%|false|true&#8221; custom_padding_phone=&#8221;20%|7%|20%|7%|false|true&#8221; custom_padding_last_edited=&#8221;on|tablet&#8221; border_width_right=&#8221;8px&#8221; border_color_right=&#8221;#FFFFFF&#8221; border_color_bottom=&#8221;#FFFFFF&#8221; border_width_right_tablet=&#8221;0px&#8221; border_width_right_phone=&#8221;0px&#8221; border_width_right_last_edited=&#8221;on|tablet&#8221; border_width_bottom_tablet=&#8221;8px&#8221; border_width_bottom_phone=&#8221;4px&#8221; border_width_bottom_last_edited=&#8221;on|tablet&#8221; global_colors_info=&#8221;{}&#8221;][et_pb_text module_class=&#8221;citrus&#8221; _builder_version=&#8221;4.27.4&#8243; _module_preset=&#8221;default&#8221; header_text_color=&#8221;#FFFFFF&#8221; header_font_size=&#8221;4.5vw&#8221; header_2_text_color=&#8221;#FFFFFF&#8221; max_width_tablet=&#8221;80%&#8221; max_width_phone=&#8221;100%&#8221; max_width_last_edited=&#8221;on|tablet&#8221; custom_margin=&#8221;||30px||false|false&#8221; custom_margin_tablet=&#8221;||0px||false|false&#8221; custom_margin_phone=&#8221;||0px||false|false&#8221; custom_margin_last_edited=&#8221;on|tablet&#8221; header_font_size_tablet=&#8221;50px&#8221; header_font_size_phone=&#8221;35px&#8221; header_font_size_last_edited=&#8221;on|desktop&#8221; header_2_font_size_tablet=&#8221;40px&#8221; header_2_font_size_phone=&#8221;38px&#8221; header_2_font_size_last_edited=&#8221;on|phone&#8221; global_colors_info=&#8221;{}&#8221;]<\/p>\n<h1>Ready-to-camp<\/h1>\n<p>[\/et_pb_text][\/et_pb_column][et_pb_column type=&#8221;1_2&#8243; module_class=&#8221;hero-accueil-col2&#8243; _builder_version=&#8221;4.27.4&#8243; _module_preset=&#8221;default&#8221; background_color=&#8221;#06182C&#8221; background_enable_image=&#8221;off&#8221; background_position=&#8221;top_center&#8221; custom_padding_tablet=&#8221;15%|7%|15%|7%|true|true&#8221; custom_padding_phone=&#8221;12%||12%||true|false&#8221; custom_padding_last_edited=&#8221;on|tablet&#8221; border_width_left=&#8221;8px&#8221; border_color_left=&#8221;#FFFFFF&#8221; border_width_left_tablet=&#8221;0px&#8221; border_width_left_phone=&#8221;0px&#8221; border_width_left_last_edited=&#8221;on|tablet&#8221; global_colors_info=&#8221;{}&#8221;][et_pb_text module_class=&#8221;texte-intro-page&#8221; _builder_version=&#8221;4.27.4&#8243; _module_preset=&#8221;default&#8221; text_text_color=&#8221;#FFFFFF&#8221; text_font_size=&#8221;17px&#8221; header_2_font=&#8221;|700|||||||&#8221; header_2_text_color=&#8221;#BFB32C&#8221; header_2_font_size=&#8221;25px&#8221; header_2_font_size_tablet=&#8221;25px&#8221; header_2_font_size_phone=&#8221;18px&#8221; header_2_font_size_last_edited=&#8221;on|phone&#8221; global_colors_info=&#8221;{}&#8221;]<\/p>\n<h2>The ready-to-camp units are located on our campsite near the sanitary block.<\/h2>\n<p><\/p>\n<p>It includes two double bunk beds, heating and lighting, an outdoor electric stove, a small refrigerator, all necessary cooking equipment, and a deck. A ready-to-camp unit can accommodate four people.<\/p>\n<p>[\/et_pb_text][et_pb_button button_url=&#8221;https:\/\/reservationpleinair.manisoft.ca\/?id=zec-petite-cascapedia&#8221; url_new_window=&#8221;on&#8221; button_text=&#8221;Book online&#8221; button_alignment_tablet=&#8221;center&#8221; button_alignment_phone=&#8221;center&#8221; button_alignment_last_edited=&#8221;on|tablet&#8221; _builder_version=&#8221;4.27.4&#8243; _module_preset=&#8221;default&#8221; custom_button=&#8221;on&#8221; button_text_size=&#8221;16px&#8221; button_text_color=&#8221;#FFFFFF&#8221; button_bg_color=&#8221;#0694AC&#8221; button_border_color=&#8221;#0694AC&#8221; button_border_radius=&#8221;50px&#8221; button_font=&#8221;|600|||||||&#8221; button_icon=&#8221;&#xf061;||fa||900&#8243; button_on_hover=&#8221;off&#8221; custom_margin=&#8221;15px||||false|false&#8221; custom_margin_tablet=&#8221;8%||0px||false|false&#8221; custom_margin_phone=&#8221;6%||6%||false|false&#8221; custom_margin_last_edited=&#8221;on|tablet&#8221; box_shadow_style=&#8221;preset4&#8243; box_shadow_horizontal=&#8221;3px&#8221; box_shadow_vertical=&#8221;6px&#8221; box_shadow_color=&#8221;#BFB32C&#8221; global_colors_info=&#8221;{}&#8221; button_bg_color__hover_enabled=&#8221;on|desktop&#8221; button_bg_color__hover=&#8221;#BFB32C&#8221; button_bg_enable_color__hover=&#8221;on&#8221; button_border_color__hover_enabled=&#8221;on|hover&#8221; button_border_color__hover=&#8221;#BFB32C&#8221; box_shadow_horizontal__hover_enabled=&#8221;on|hover&#8221; box_shadow_horizontal__hover=&#8221;0px&#8221; box_shadow_vertical__hover_enabled=&#8221;on|desktop&#8221; box_shadow_vertical__hover=&#8221;0px&#8221;][\/et_pb_button][\/et_pb_column][\/et_pb_row][\/et_pb_section][et_pb_section fb_built=&#8221;1&#8243; custom_padding_last_edited=&#8221;on|phone&#8221; module_class=&#8221;section-chalets&#8221; _builder_version=&#8221;4.27.4&#8243; _module_preset=&#8221;default&#8221; custom_padding=&#8221;6%||6%||false|false&#8221; custom_padding_tablet=&#8221;&#8221; custom_padding_phone=&#8221;12%||18%||false|false&#8221; global_colors_info=&#8221;{}&#8221;][et_pb_row column_structure=&#8221;1_2,1_2&#8243; use_custom_gutter=&#8221;on&#8221; gutter_width=&#8221;4&#8243; make_equal=&#8221;on&#8221; custom_padding_last_edited=&#8221;on|desktop&#8221; _builder_version=&#8221;4.27.4&#8243; _module_preset=&#8221;default&#8221; width_tablet=&#8221;86%&#8221; width_phone=&#8221;86%&#8221; width_last_edited=&#8221;on|tablet&#8221; max_width_tablet=&#8221;86%&#8221; max_width_phone=&#8221;86%&#8221; max_width_last_edited=&#8221;on|tablet&#8221; custom_padding=&#8221;0px||0px||false|false&#8221; custom_padding_tablet=&#8221;||0px||false|false&#8221; custom_padding_phone=&#8221;0px||0px||false|false&#8221; global_colors_info=&#8221;{}&#8221;][et_pb_column type=&#8221;1_2&#8243; _builder_version=&#8221;4.27.4&#8243; _module_preset=&#8221;default&#8221; global_colors_info=&#8221;{}&#8221;][et_pb_text module_class=&#8221;citrus&#8221; _builder_version=&#8221;4.27.4&#8243; _module_preset=&#8221;default&#8221; header_2_text_color=&#8221;#0694AC&#8221; header_2_font_size=&#8221;2.5vw&#8221; custom_margin=&#8221;||5%||false|false&#8221; custom_margin_tablet=&#8221;||0px||false|false&#8221; custom_margin_phone=&#8221;||4%||false|false&#8221; custom_margin_last_edited=&#8221;on|phone&#8221; header_2_font_size_tablet=&#8221;30px&#8221; header_2_font_size_phone=&#8221;25px&#8221; header_2_font_size_last_edited=&#8221;on|tablet&#8221; global_colors_info=&#8221;{}&#8221;]<\/p>\n<h2>The ready-to-camp units are available from June 1st to September 30th<\/h2>\n<p>[\/et_pb_text][et_pb_gallery gallery_ids=&#8221;729,730,731,732,733,734,735,672,675,677,676&#8243; fullwidth=&#8221;on&#8221; _builder_version=&#8221;4.27.4&#8243; _module_preset=&#8221;default&#8221; background_enable_color=&#8221;off&#8221; auto=&#8221;on&#8221; auto_speed=&#8221;3500&#8243; border_radii=&#8221;off|30px|30px||&#8221; global_colors_info=&#8221;{}&#8221;][\/et_pb_gallery][\/et_pb_column][et_pb_column type=&#8221;1_2&#8243; _builder_version=&#8221;4.27.4&#8243; _module_preset=&#8221;default&#8221; global_colors_info=&#8221;{}&#8221;][et_pb_text _builder_version=&#8221;4.27.4&#8243; _module_preset=&#8221;default&#8221; custom_margin=&#8221;0px||||false|false&#8221; global_colors_info=&#8221;{}&#8221;]<\/p>\n<p><strong>Included in the ready-to-camp:<\/strong><\/p>\n<p><\/p>\n<ul>\n<li>Water point in the sanitary block<\/li>\n<li>Kitchen equipment<\/li>\n<li>Small refrigerator<\/li>\n<li>Electric stove<\/li>\n<li>Two double bunk beds<\/li>\n<li>Electric heating<\/li>\n<li>Electric lighting<\/li>\n<li>Electrical outlets<\/li>\n<li>Garden chairs<\/li>\n<li>Picnic table<\/li>\n<li>Fire pit<\/li>\n<\/ul>\n<p><\/p>\n<p><strong>Not included in the huts:<\/strong><\/p>\n<p><\/p>\n<ul>\n<li>Wi-Fi throughout the site<\/li>\n<li>Sanitary facilities with showers and toilets<\/li>\n<li>Washer\/dryer<\/li>\n<li>Dumping station<\/li>\n<\/ul>\n<p><\/p>\n<p><strong>Pricing &#8211; low season, from June 1st to 14th and from September 1st to 30th:<\/strong><\/p>\n<p><\/p>\n<ul>\n<li>$100 \/ night<\/li>\n<li>$600 \/ week<\/li>\n<\/ul>\n<p><\/p>\n<p><strong>Pricing &#8211; high season, from June 15th to August 31st:<\/strong><\/p>\n<p><\/p>\n<ul>\n<li>$120 \/ night<br \/>$720 \/ week<\/li>\n<\/ul>\n<p><\/p>\n<p>Taxes included<\/p>\n<p>[\/et_pb_text][et_pb_button button_url=&#8221;https:\/\/reservationpleinair.manisoft.ca\/?id=zec-petite-cascapedia&#8221; url_new_window=&#8221;on&#8221; button_text=&#8221;Book online&#8221; button_alignment_tablet=&#8221;center&#8221; button_alignment_phone=&#8221;center&#8221; button_alignment_last_edited=&#8221;on|tablet&#8221; _builder_version=&#8221;4.27.4&#8243; _module_preset=&#8221;default&#8221; custom_button=&#8221;on&#8221; button_text_size=&#8221;16px&#8221; button_text_color=&#8221;#FFFFFF&#8221; button_bg_color=&#8221;#0694AC&#8221; button_border_color=&#8221;#0694AC&#8221; button_border_radius=&#8221;50px&#8221; button_font=&#8221;|600|||||||&#8221; button_icon=&#8221;&#xf061;||fa||900&#8243; button_on_hover=&#8221;off&#8221; custom_margin=&#8221;15px||||false|false&#8221; custom_margin_tablet=&#8221;8%||0px||false|false&#8221; custom_margin_phone=&#8221;12%||0px||false|false&#8221; custom_margin_last_edited=&#8221;on|tablet&#8221; box_shadow_style=&#8221;preset4&#8243; box_shadow_horizontal=&#8221;3px&#8221; box_shadow_vertical=&#8221;6px&#8221; box_shadow_color=&#8221;#BFB32C&#8221; global_colors_info=&#8221;{}&#8221; button_bg_color__hover_enabled=&#8221;on|desktop&#8221; button_bg_color__hover=&#8221;#BFB32C&#8221; button_bg_enable_color__hover=&#8221;on&#8221; button_border_color__hover_enabled=&#8221;on|hover&#8221; button_border_color__hover=&#8221;#BFB32C&#8221; box_shadow_horizontal__hover_enabled=&#8221;on|hover&#8221; box_shadow_horizontal__hover=&#8221;0px&#8221; box_shadow_vertical__hover_enabled=&#8221;on|desktop&#8221; box_shadow_vertical__hover=&#8221;0px&#8221;][\/et_pb_button][et_pb_button button_url=&#8221;\/wp-content\/uploads\/2025\/11\/Reglements-camping-2025.pdf&#8221; url_new_window=&#8221;on&#8221; button_text=&#8221;Campsite regulations (FR)&#8221; button_alignment_tablet=&#8221;center&#8221; button_alignment_phone=&#8221;center&#8221; button_alignment_last_edited=&#8221;on|tablet&#8221; _builder_version=&#8221;4.27.4&#8243; _module_preset=&#8221;default&#8221; custom_button=&#8221;on&#8221; button_text_size=&#8221;16px&#8221; button_text_color=&#8221;#0694AC&#8221; button_bg_color=&#8221;RGBA(255,255,255,0)&#8221; button_border_color=&#8221;#0694AC&#8221; button_border_radius=&#8221;50px&#8221; button_font=&#8221;|600|||||||&#8221; button_icon=&#8221;&#xf061;||fa||900&#8243; button_on_hover=&#8221;off&#8221; custom_margin=&#8221;15px||||false|false&#8221; custom_margin_tablet=&#8221;8%||0px||false|false&#8221; custom_margin_phone=&#8221;12%||0px||false|false&#8221; custom_margin_last_edited=&#8221;on|tablet&#8221; hover_enabled=&#8221;0&#8243; box_shadow_style=&#8221;preset4&#8243; box_shadow_horizontal=&#8221;3px&#8221; box_shadow_vertical=&#8221;6px&#8221; box_shadow_color=&#8221;#0694AC&#8221; global_colors_info=&#8221;{}&#8221; button_bg_color__hover_enabled=&#8221;on|desktop&#8221; button_bg_color__hover=&#8221;#BFB32C&#8221; button_bg_enable_color__hover=&#8221;on&#8221; button_border_color__hover_enabled=&#8221;on|hover&#8221; button_border_color__hover=&#8221;#BFB32C&#8221; box_shadow_horizontal__hover_enabled=&#8221;on|hover&#8221; box_shadow_horizontal__hover=&#8221;0px&#8221; box_shadow_vertical__hover_enabled=&#8221;on|desktop&#8221; box_shadow_vertical__hover=&#8221;0px&#8221; button_text_color__hover_enabled=&#8221;on|hover&#8221; button_text_color__hover=&#8221;#FFFFFF&#8221; sticky_enabled=&#8221;0&#8243;][\/et_pb_button][\/et_pb_column][\/et_pb_row][\/et_pb_section][et_pb_section fb_built=&#8221;1&#8243; custom_padding_last_edited=&#8221;on|phone&#8221; _builder_version=&#8221;4.27.4&#8243; _module_preset=&#8221;default&#8221; use_background_color_gradient=&#8221;on&#8221; background_color_gradient_stops=&#8221;#e8ebec 37%|#ffffff 37%&#8221; custom_padding=&#8221;6%||6%||false|false&#8221; custom_padding_tablet=&#8221;&#8221; custom_padding_phone=&#8221;10%||12%||false|false&#8221; global_colors_info=&#8221;{}&#8221;][et_pb_row column_structure=&#8221;1_2,1_2&#8243; use_custom_gutter=&#8221;on&#8221; gutter_width=&#8221;2&#8243; make_equal=&#8221;on&#8221; custom_padding_last_edited=&#8221;on|phone&#8221; _builder_version=&#8221;4.27.4&#8243; _module_preset=&#8221;default&#8221; background_color=&#8221;RGBA(255,255,255,0)&#8221; width_tablet=&#8221;86%&#8221; width_phone=&#8221;86%&#8221; width_last_edited=&#8221;on|tablet&#8221; max_width_tablet=&#8221;86%&#8221; max_width_phone=&#8221;86%&#8221; max_width_last_edited=&#8221;on|tablet&#8221; custom_padding_tablet=&#8221;&#8221; custom_padding_phone=&#8221;10%||10%||false|false&#8221; global_colors_info=&#8221;{}&#8221;][et_pb_column type=&#8221;1_2&#8243; _builder_version=&#8221;4.27.4&#8243; _module_preset=&#8221;default&#8221; background_color=&#8221;#FFFFFF&#8221; border_width_all=&#8221;1px&#8221; border_color_all=&#8221;#06182C&#8221; global_colors_info=&#8221;{}&#8221;][et_pb_text _builder_version=&#8221;4.27.4&#8243; _module_preset=&#8221;default&#8221; text_font_size=&#8221;16px&#8221; header_3_font=&#8221;|700|||||||&#8221; header_3_text_color=&#8221;#06182C&#8221; header_3_font_size=&#8221;25px&#8221; background_color=&#8221;RGBA(255,255,255,0)&#8221; text_orientation=&#8221;center&#8221; custom_margin=&#8221;||20px||false|false&#8221; custom_margin_tablet=&#8221;||0px||false|false&#8221; custom_margin_phone=&#8221;||0px||false|false&#8221; custom_margin_last_edited=&#8221;on|tablet&#8221; custom_padding=&#8221;10%|13%|10%|13%|true|true&#8221; custom_padding_tablet=&#8221;10%|13%|10%|13%|true|true&#8221; custom_padding_phone=&#8221;10%|7%|10%|7%|true|true&#8221; custom_padding_last_edited=&#8221;on|phone&#8221; header_3_font_size_tablet=&#8221;25px&#8221; header_3_font_size_phone=&#8221;20px&#8221; header_3_font_size_last_edited=&#8221;on|phone&#8221; border_color_all=&#8221;#06182C&#8221; global_colors_info=&#8221;{}&#8221;]<\/p>\n<h3>Booking Policy<\/h3>\n<p><\/p>\n<p>A 30% deposit is required at the time of booking, and the remaining balance is due on February 1st.<br \/>&#8212;&#8211;<br \/>Full payment required after February 1st.<\/p>\n<p>[\/et_pb_text][\/et_pb_column][et_pb_column type=&#8221;1_2&#8243; _builder_version=&#8221;4.27.4&#8243; _module_preset=&#8221;default&#8221; background_color=&#8221;#FFFFFF&#8221; border_width_all=&#8221;1px&#8221; border_color_all=&#8221;#06182C&#8221; global_colors_info=&#8221;{}&#8221;][et_pb_text _builder_version=&#8221;4.27.4&#8243; _module_preset=&#8221;default&#8221; text_font_size=&#8221;16px&#8221; header_3_font=&#8221;|700|||||||&#8221; header_3_text_color=&#8221;#06182C&#8221; header_3_font_size=&#8221;25px&#8221; background_color=&#8221;RGBA(255,255,255,0)&#8221; text_orientation=&#8221;center&#8221; custom_margin=&#8221;||20px||false|false&#8221; custom_margin_tablet=&#8221;||0px||false|false&#8221; custom_margin_phone=&#8221;||0px||false|false&#8221; custom_margin_last_edited=&#8221;on|tablet&#8221; custom_padding=&#8221;10%|8%|10%|8%|true|true&#8221; custom_padding_tablet=&#8221;10%|8%|10%|8%|true|true&#8221; custom_padding_phone=&#8221;10%|7%|10%|7%|true|true&#8221; custom_padding_last_edited=&#8221;on|phone&#8221; header_3_font_size_tablet=&#8221;25px&#8221; header_3_font_size_phone=&#8221;20px&#8221; header_3_font_size_last_edited=&#8221;on|phone&#8221; border_color_all=&#8221;#06182C&#8221; global_colors_info=&#8221;{}&#8221;]<\/p>\n<h3>Cancellation Policy<\/h3>\n<p><\/p>\n<p>Request for cancellation of reservation in writing <strong>seven days or more<\/strong> before the date of the activity: Refund of 70% of costs.<br \/>&#8212;-<br \/>Request for cancellation of reservation in writing <strong>less than seven days<\/strong> before the date of the activity: Refund of 70% of costs only if the reservation is resold.<\/p>\n<p>[\/et_pb_text][\/et_pb_column][\/et_pb_row][\/et_pb_section]<\/p>\n","protected":false},"excerpt":{"rendered":"<p>Ready-to-campThe ready-to-camp units are located on our campsite near the sanitary block.It includes two double bunk beds, heating and lighting, an outdoor electric stove, a small refrigerator, all necessary cooking equipment, and a deck. A ready-to-camp unit can accommodate four people.The ready-to-camp units are available from June 1st to September 30thIncluded in the ready-to-camp: Water [&hellip;]<\/p>\n","protected":false},"author":1,"featured_media":0,"parent":0,"menu_order":0,"comment_status":"closed","ping_status":"closed","template":"","meta":{"_et_pb_use_builder":"on","_et_pb_old_content":"","_et_gb_content_width":"","inline_featured_image":false,"footnotes":""},"class_list":["post-736","page","type-page","status-publish","hentry"],"yoast_head":"<!-- This site is optimized with the Yoast SEO plugin v26.6 - https:\/\/yoast.com\/wordpress\/plugins\/seo\/ -->\n<title>Ready-to-camp - ZEC Rivi\u00e8re Petite Cascap\u00e9dia<\/title>\n<meta name=\"robots\" content=\"index, follow, max-snippet:-1, max-image-preview:large, max-video-preview:-1\" \/>\n<link rel=\"canonical\" href=\"https:\/\/zecpetitecascapedia.com\/en\/huts\/\" \/>\n<meta property=\"og:locale\" content=\"en_US\" \/>\n<meta property=\"og:type\" content=\"article\" \/>\n<meta property=\"og:title\" content=\"Ready-to-camp - ZEC Rivi\u00e8re Petite Cascap\u00e9dia\" \/>\n<meta property=\"og:description\" content=\"Ready-to-campThe ready-to-camp units are located on our campsite near the sanitary block.It includes two double bunk beds, heating and lighting, an outdoor electric stove, a small refrigerator, all necessary cooking equipment, and a deck. A ready-to-camp unit can accommodate four people.The ready-to-camp units are available from June 1st to September 30thIncluded in the ready-to-camp: Water [&hellip;]\" \/>\n<meta property=\"og:url\" content=\"https:\/\/zecpetitecascapedia.com\/en\/huts\/\" \/>\n<meta property=\"og:site_name\" content=\"ZEC Rivi\u00e8re Petite Cascap\u00e9dia\" \/>\n<meta property=\"article:publisher\" content=\"https:\/\/www.facebook.com\/zecpetitecascapedia1\" \/>\n<meta property=\"article:modified_time\" content=\"2025-11-18T18:52:44+00:00\" \/>\n<meta property=\"og:image\" content=\"https:\/\/zecpetitecascapedia.com\/wp-content\/uploads\/2025\/10\/ec-petite-cascapedia-tirages-reservation.jpg\" \/>\n\t<meta property=\"og:image:width\" content=\"1200\" \/>\n\t<meta property=\"og:image:height\" content=\"798\" \/>\n\t<meta property=\"og:image:type\" content=\"image\/jpeg\" \/>\n<meta name=\"twitter:card\" content=\"summary_large_image\" \/>\n<meta name=\"twitter:label1\" content=\"Est. reading time\" \/>\n\t<meta name=\"twitter:data1\" content=\"9 minutes\" \/>\n<script type=\"application\/ld+json\" class=\"yoast-schema-graph\">{\"@context\":\"https:\/\/schema.org\",\"@graph\":[{\"@type\":\"WebPage\",\"@id\":\"https:\/\/zecpetitecascapedia.com\/en\/huts\/\",\"url\":\"https:\/\/zecpetitecascapedia.com\/en\/huts\/\",\"name\":\"Ready-to-camp - ZEC Rivi\u00e8re Petite Cascap\u00e9dia\",\"isPartOf\":{\"@id\":\"https:\/\/zecpetitecascapedia.com\/#website\"},\"datePublished\":\"2025-10-29T15:00:05+00:00\",\"dateModified\":\"2025-11-18T18:52:44+00:00\",\"breadcrumb\":{\"@id\":\"https:\/\/zecpetitecascapedia.com\/en\/huts\/#breadcrumb\"},\"inLanguage\":\"en-US\",\"potentialAction\":[{\"@type\":\"ReadAction\",\"target\":[\"https:\/\/zecpetitecascapedia.com\/en\/huts\/\"]}]},{\"@type\":\"BreadcrumbList\",\"@id\":\"https:\/\/zecpetitecascapedia.com\/en\/huts\/#breadcrumb\",\"itemListElement\":[{\"@type\":\"ListItem\",\"position\":1,\"name\":\"Accueil\",\"item\":\"https:\/\/zecpetitecascapedia.com\/\"},{\"@type\":\"ListItem\",\"position\":2,\"name\":\"Ready-to-camp\"}]},{\"@type\":\"WebSite\",\"@id\":\"https:\/\/zecpetitecascapedia.com\/#website\",\"url\":\"https:\/\/zecpetitecascapedia.com\/\",\"name\":\"ZEC Rivi\u00e8re Petite Cascap\u00e9dia\",\"description\":\"Le paradis de la p\u00eache au saumon en Gasp\u00e9sie\",\"publisher\":{\"@id\":\"https:\/\/zecpetitecascapedia.com\/#organization\"},\"potentialAction\":[{\"@type\":\"SearchAction\",\"target\":{\"@type\":\"EntryPoint\",\"urlTemplate\":\"https:\/\/zecpetitecascapedia.com\/?s={search_term_string}\"},\"query-input\":{\"@type\":\"PropertyValueSpecification\",\"valueRequired\":true,\"valueName\":\"search_term_string\"}}],\"inLanguage\":\"en-US\"},{\"@type\":\"Organization\",\"@id\":\"https:\/\/zecpetitecascapedia.com\/#organization\",\"name\":\"ZEC Rivi\u00e8re Petite Cascap\u00e9dia\",\"url\":\"https:\/\/zecpetitecascapedia.com\/\",\"logo\":{\"@type\":\"ImageObject\",\"inLanguage\":\"en-US\",\"@id\":\"https:\/\/zecpetitecascapedia.com\/#\/schema\/logo\/image\/\",\"url\":\"https:\/\/zecpetitecascapedia.com\/wp-content\/uploads\/2025\/09\/logo-zec-petite-cascapedia.jpg\",\"contentUrl\":\"https:\/\/zecpetitecascapedia.com\/wp-content\/uploads\/2025\/09\/logo-zec-petite-cascapedia.jpg\",\"width\":500,\"height\":375,\"caption\":\"ZEC Rivi\u00e8re Petite Cascap\u00e9dia\"},\"image\":{\"@id\":\"https:\/\/zecpetitecascapedia.com\/#\/schema\/logo\/image\/\"},\"sameAs\":[\"https:\/\/www.facebook.com\/zecpetitecascapedia1\"]}]}<\/script>\n<!-- \/ Yoast SEO plugin. -->","yoast_head_json":{"title":"Ready-to-camp - ZEC Rivi\u00e8re Petite Cascap\u00e9dia","robots":{"index":"index","follow":"follow","max-snippet":"max-snippet:-1","max-image-preview":"max-image-preview:large","max-video-preview":"max-video-preview:-1"},"canonical":"https:\/\/zecpetitecascapedia.com\/en\/huts\/","og_locale":"en_US","og_type":"article","og_title":"Ready-to-camp - ZEC Rivi\u00e8re Petite Cascap\u00e9dia","og_description":"Ready-to-campThe ready-to-camp units are located on our campsite near the sanitary block.It includes two double bunk beds, heating and lighting, an outdoor electric stove, a small refrigerator, all necessary cooking equipment, and a deck. A ready-to-camp unit can accommodate four people.The ready-to-camp units are available from June 1st to September 30thIncluded in the ready-to-camp: Water [&hellip;]","og_url":"https:\/\/zecpetitecascapedia.com\/en\/huts\/","og_site_name":"ZEC Rivi\u00e8re Petite Cascap\u00e9dia","article_publisher":"https:\/\/www.facebook.com\/zecpetitecascapedia1","article_modified_time":"2025-11-18T18:52:44+00:00","og_image":[{"width":1200,"height":798,"url":"https:\/\/zecpetitecascapedia.com\/wp-content\/uploads\/2025\/10\/ec-petite-cascapedia-tirages-reservation.jpg","type":"image\/jpeg"}],"twitter_card":"summary_large_image","twitter_misc":{"Est. reading time":"9 minutes"},"schema":{"@context":"https:\/\/schema.org","@graph":[{"@type":"WebPage","@id":"https:\/\/zecpetitecascapedia.com\/en\/huts\/","url":"https:\/\/zecpetitecascapedia.com\/en\/huts\/","name":"Ready-to-camp - ZEC Rivi\u00e8re Petite Cascap\u00e9dia","isPartOf":{"@id":"https:\/\/zecpetitecascapedia.com\/#website"},"datePublished":"2025-10-29T15:00:05+00:00","dateModified":"2025-11-18T18:52:44+00:00","breadcrumb":{"@id":"https:\/\/zecpetitecascapedia.com\/en\/huts\/#breadcrumb"},"inLanguage":"en-US","potentialAction":[{"@type":"ReadAction","target":["https:\/\/zecpetitecascapedia.com\/en\/huts\/"]}]},{"@type":"BreadcrumbList","@id":"https:\/\/zecpetitecascapedia.com\/en\/huts\/#breadcrumb","itemListElement":[{"@type":"ListItem","position":1,"name":"Accueil","item":"https:\/\/zecpetitecascapedia.com\/"},{"@type":"ListItem","position":2,"name":"Ready-to-camp"}]},{"@type":"WebSite","@id":"https:\/\/zecpetitecascapedia.com\/#website","url":"https:\/\/zecpetitecascapedia.com\/","name":"ZEC Rivi\u00e8re Petite Cascap\u00e9dia","description":"Le paradis de la p\u00eache au saumon en Gasp\u00e9sie","publisher":{"@id":"https:\/\/zecpetitecascapedia.com\/#organization"},"potentialAction":[{"@type":"SearchAction","target":{"@type":"EntryPoint","urlTemplate":"https:\/\/zecpetitecascapedia.com\/?s={search_term_string}"},"query-input":{"@type":"PropertyValueSpecification","valueRequired":true,"valueName":"search_term_string"}}],"inLanguage":"en-US"},{"@type":"Organization","@id":"https:\/\/zecpetitecascapedia.com\/#organization","name":"ZEC Rivi\u00e8re Petite Cascap\u00e9dia","url":"https:\/\/zecpetitecascapedia.com\/","logo":{"@type":"ImageObject","inLanguage":"en-US","@id":"https:\/\/zecpetitecascapedia.com\/#\/schema\/logo\/image\/","url":"https:\/\/zecpetitecascapedia.com\/wp-content\/uploads\/2025\/09\/logo-zec-petite-cascapedia.jpg","contentUrl":"https:\/\/zecpetitecascapedia.com\/wp-content\/uploads\/2025\/09\/logo-zec-petite-cascapedia.jpg","width":500,"height":375,"caption":"ZEC Rivi\u00e8re Petite Cascap\u00e9dia"},"image":{"@id":"https:\/\/zecpetitecascapedia.com\/#\/schema\/logo\/image\/"},"sameAs":["https:\/\/www.facebook.com\/zecpetitecascapedia1"]}]}},"_links":{"self":[{"href":"https:\/\/zecpetitecascapedia.com\/en\/wp-json\/wp\/v2\/pages\/736","targetHints":{"allow":["GET"]}}],"collection":[{"href":"https:\/\/zecpetitecascapedia.com\/en\/wp-json\/wp\/v2\/pages"}],"about":[{"href":"https:\/\/zecpetitecascapedia.com\/en\/wp-json\/wp\/v2\/types\/page"}],"author":[{"embeddable":true,"href":"https:\/\/zecpetitecascapedia.com\/en\/wp-json\/wp\/v2\/users\/1"}],"replies":[{"embeddable":true,"href":"https:\/\/zecpetitecascapedia.com\/en\/wp-json\/wp\/v2\/comments?post=736"}],"version-history":[{"count":22,"href":"https:\/\/zecpetitecascapedia.com\/en\/wp-json\/wp\/v2\/pages\/736\/revisions"}],"predecessor-version":[{"id":980,"href":"https:\/\/zecpetitecascapedia.com\/en\/wp-json\/wp\/v2\/pages\/736\/revisions\/980"}],"wp:attachment":[{"href":"https:\/\/zecpetitecascapedia.com\/en\/wp-json\/wp\/v2\/media?parent=736"}],"curies":[{"name":"wp","href":"https:\/\/api.w.org\/{rel}","templated":true}]}}