{"id":687,"date":"2025-10-29T13:21:46","date_gmt":"2025-10-29T17:21:46","guid":{"rendered":"https:\/\/zec.solution.quebec\/release-declaration-form\/"},"modified":"2025-11-17T08:53:58","modified_gmt":"2025-11-17T13:53:58","slug":"release-declaration-form","status":"publish","type":"page","link":"https:\/\/zecpetitecascapedia.com\/en\/release-declaration-form\/","title":{"rendered":"Release declaration form"},"content":{"rendered":"<p>[et_pb_section fb_built=&#8221;1&#8243; _builder_version=&#8221;4.27.4&#8243; _module_preset=&#8221;default&#8221; custom_padding=&#8221;6px||1%||false|false&#8221; global_colors_info=&#8221;{}&#8221;][et_pb_row column_structure=&#8221;1_2,1_2&#8243; use_custom_gutter=&#8221;on&#8221; gutter_width=&#8221;1&#8243; make_equal=&#8221;on&#8221; _builder_version=&#8221;4.27.4&#8243; _module_preset=&#8221;default&#8221; width=&#8221;98%&#8221; max_width=&#8221;98%&#8221; custom_margin=&#8221;||||false|false&#8221; custom_padding=&#8221;0px||0px||true|false&#8221; global_colors_info=&#8221;{}&#8221;][et_pb_column type=&#8221;1_2&#8243; _builder_version=&#8221;4.27.4&#8243; _module_preset=&#8221;default&#8221; use_background_color_gradient=&#8221;on&#8221; background_color_gradient_direction=&#8221;177deg&#8221; background_color_gradient_stops=&#8221;rgba(6,24,44,0.74) 0%|rgba(6,148,172,0.71) 100%&#8221; background_color_gradient_overlays_image=&#8221;on&#8221; background_image=&#8221;https:\/\/zecpetitecascapedia.com\/wp-content\/uploads\/2025\/10\/zec-petite-cascapedia-remise-a-leau.jpg&#8221; background_position=&#8221;top_center&#8221; background_vertical_offset=&#8221;5%&#8221; custom_padding=&#8221;12%|8%|12%|8%|false|true&#8221; custom_padding_tablet=&#8221;20%|7%|20%|7%|false|true&#8221; custom_padding_phone=&#8221;20%|7%|20%|7%|false|true&#8221; custom_padding_last_edited=&#8221;on|tablet&#8221; border_width_right=&#8221;8px&#8221; border_color_right=&#8221;#FFFFFF&#8221; border_color_bottom=&#8221;#FFFFFF&#8221; border_width_right_tablet=&#8221;0px&#8221; border_width_right_phone=&#8221;0px&#8221; border_width_right_last_edited=&#8221;on|tablet&#8221; border_width_bottom_tablet=&#8221;8px&#8221; border_width_bottom_phone=&#8221;4px&#8221; border_width_bottom_last_edited=&#8221;on|tablet&#8221; global_colors_info=&#8221;{}&#8221;][et_pb_text module_class=&#8221;citrus&#8221; _builder_version=&#8221;4.27.4&#8243; _module_preset=&#8221;default&#8221; header_text_color=&#8221;#FFFFFF&#8221; header_font_size=&#8221;4.5vw&#8221; header_2_text_color=&#8221;#FFFFFF&#8221; max_width_tablet=&#8221;80%&#8221; max_width_phone=&#8221;100%&#8221; max_width_last_edited=&#8221;on|tablet&#8221; custom_margin=&#8221;||30px||false|false&#8221; custom_margin_tablet=&#8221;||0px||false|false&#8221; custom_margin_phone=&#8221;||0px||false|false&#8221; custom_margin_last_edited=&#8221;on|tablet&#8221; header_font_size_tablet=&#8221;50px&#8221; header_font_size_phone=&#8221;35px&#8221; header_font_size_last_edited=&#8221;on|desktop&#8221; header_2_font_size_tablet=&#8221;40px&#8221; header_2_font_size_phone=&#8221;38px&#8221; header_2_font_size_last_edited=&#8221;on|phone&#8221; global_colors_info=&#8221;{}&#8221;]<\/p>\n<h1>Release declaration form<\/h1>\n<p>[\/et_pb_text][\/et_pb_column][et_pb_column type=&#8221;1_2&#8243; module_class=&#8221;hero-accueil-col2&#8243; _builder_version=&#8221;4.27.4&#8243; _module_preset=&#8221;default&#8221; background_color=&#8221;#06182C&#8221; background_enable_image=&#8221;off&#8221; background_position=&#8221;top_center&#8221; custom_padding_tablet=&#8221;15%|7%|15%|7%|true|true&#8221; custom_padding_phone=&#8221;12%||12%||true|false&#8221; custom_padding_last_edited=&#8221;on|tablet&#8221; border_width_left=&#8221;8px&#8221; border_color_left=&#8221;#FFFFFF&#8221; border_width_left_tablet=&#8221;0px&#8221; border_width_left_phone=&#8221;0px&#8221; border_width_left_last_edited=&#8221;on|tablet&#8221; global_colors_info=&#8221;{}&#8221;][et_pb_text module_class=&#8221;texte-intro-page&#8221; _builder_version=&#8221;4.27.4&#8243; _module_preset=&#8221;default&#8221; text_text_color=&#8221;#FFFFFF&#8221; header_2_font=&#8221;|700|||||||&#8221; header_2_text_color=&#8221;#BFB32C&#8221; header_2_font_size=&#8221;25px&#8221; hover_enabled=&#8221;0&#8243; header_2_font_size_tablet=&#8221;25px&#8221; header_2_font_size_phone=&#8221;20px&#8221; header_2_font_size_last_edited=&#8221;on|phone&#8221; global_colors_info=&#8221;{}&#8221; theme_builder_area=&#8221;post_content&#8221; sticky_enabled=&#8221;0&#8243;]<\/p>\n<h2>All salmon must be released back into the water.<\/h2>\n<p>[\/et_pb_text][et_pb_text module_class=&#8221;texte-intro-page&#8221; _builder_version=&#8221;4.27.4&#8243; _module_preset=&#8221;default&#8221; text_text_color=&#8221;#FFFFFF&#8221; global_colors_info=&#8221;{}&#8221;]<\/p>\n<p>Please fill out this form below as soon as you release a boat back into the water.<\/p>\n<p>[\/et_pb_text][\/et_pb_column][\/et_pb_row][\/et_pb_section][et_pb_section fb_built=&#8221;1&#8243; custom_padding_last_edited=&#8221;on|phone&#8221; _builder_version=&#8221;4.27.4&#8243; _module_preset=&#8221;default&#8221; custom_padding=&#8221;6%||6%||false|false&#8221; custom_padding_tablet=&#8221;&#8221; custom_padding_phone=&#8221;12%||12%||true|false&#8221; global_colors_info=&#8221;{}&#8221;][et_pb_row use_custom_gutter=&#8221;on&#8221; gutter_width=&#8221;4&#8243; make_equal=&#8221;on&#8221; custom_padding_last_edited=&#8221;on|desktop&#8221; _builder_version=&#8221;4.27.4&#8243; _module_preset=&#8221;default&#8221; width_tablet=&#8221;86%&#8221; width_phone=&#8221;86%&#8221; width_last_edited=&#8221;on|tablet&#8221; max_width_tablet=&#8221;86%&#8221; max_width_phone=&#8221;86%&#8221; max_width_last_edited=&#8221;on|tablet&#8221; custom_padding=&#8221;0px||0px||false|false&#8221; custom_padding_tablet=&#8221;0px||0px||false|false&#8221; custom_padding_phone=&#8221;0px||0px||false|false&#8221; hover_enabled=&#8221;0&#8243; global_colors_info=&#8221;{}&#8221; max_width=&#8221;700px&#8221; module_alignment=&#8221;center&#8221; sticky_enabled=&#8221;0&#8243;][et_pb_column type=&#8221;4_4&#8243; _builder_version=&#8221;4.27.4&#8243; _module_preset=&#8221;default&#8221; global_colors_info=&#8221;{}&#8221;][wpforms_selector _builder_version=&#8221;4.27.4&#8243; _module_preset=&#8221;default&#8221; form_id=&#8221;469&#8243; hover_enabled=&#8221;0&#8243; sticky_enabled=&#8221;0&#8243;][\/wpforms_selector][\/et_pb_column][\/et_pb_row][\/et_pb_section]<\/p>\n","protected":false},"excerpt":{"rendered":"<p>Release declaration formAll salmon must be released back into the water.Please fill out this form below as soon as you release a boat back into the water.<div class=\"et_pb_module wpforms_selector wpforms_selector_0\">\n\t\t\t\t\n\t\t\t\t\n\t\t\t\t\n\t\t\t\t\n\t\t\t\t\n\t\t\t\t\n\t\t\t\t<div class=\"et_pb_module_inner\">\n\t\t\t\t\t<style id=\"wpforms-css-vars-469\">\n\t\t\t\t#wpforms-469 {\n\t\t\t\t--wpforms-field-border-radius: 0px;\n--wpforms-field-border-color: #06182C;\n--wpforms-field-border-color-spare: #06182C;\n--wpforms-field-text-color: #444444;\n--wpforms-label-color: #06182C;\n--wpforms-label-sublabel-color: #7f7f7f;\n--wpforms-label-error-color: #ff0000;\n--wpforms-button-border-style: solid;\n--wpforms-button-border-radius: 100px;\n--wpforms-button-background-color: #0694AC;\n--wpforms-button-border-color: #0694AC;\n--wpforms-button-text-color: #fff;\n--wpforms-container-padding: 0px;\n--wpforms-container-border-width: 1px;\n--wpforms-container-border-radius: 3px;\n--wpforms-background-color: rgba(0, 0, 0, 0);\n--wpforms-page-break-color: #dddddd;\n--wpforms-field-size-input-height: 50px;\n--wpforms-field-size-input-spacing: 20px;\n--wpforms-field-size-font-size: 18px;\n--wpforms-field-size-line-height: 21px;\n--wpforms-field-size-padding-h: 14px;\n--wpforms-field-size-checkbox-size: 18px;\n--wpforms-field-size-sublabel-spacing: 10px;\n--wpforms-field-size-icon-size: 1.25;\n--wpforms-label-size-font-size: 18px;\n--wpforms-label-size-line-height: 21px;\n--wpforms-label-size-sublabel-font-size: 16px;\n--wpforms-label-size-sublabel-line-height: 19px;\n--wpforms-button-size-font-size: 17px;\n--wpforms-button-size-height: 41px;\n--wpforms-button-size-padding-h: 15px;\n--wpforms-button-size-margin-top: 10px;\n--wpforms-container-shadow-size-box-shadow: none;\n\t\t\t}\n\t\t\t<\/style><div class=\"wpforms-container wpforms-container-full wpforms-render-modern\" id=\"wpforms-469\"><form id=\"wpforms-form-469\" class=\"wpforms-validate wpforms-form wpforms-ajax-form\" data-formid=\"469\" method=\"post\" enctype=\"multipart\/form-data\" action=\"\/en\/wp-json\/wp\/v2\/pages\/687\" data-token=\"e20624e2063d59322edff4b42684e715\" data-token-time=\"1775243496\"><noscript class=\"wpforms-error-noscript\">Please enable JavaScript in your browser to complete this form.<\/noscript><div id=\"wpforms-error-noscript\" style=\"display: none;\">Please enable JavaScript in your browser to complete this form.<\/div><div class=\"wpforms-field-container\">\t\t<div id=\"wpforms-469-field_2-container\"\n\t\t\tclass=\"wpforms-field wpforms-field-text\"\n\t\t\tdata-field-type=\"text\"\n\t\t\tdata-field-id=\"2\"\n\t\t\t>\n\t\t\t<label class=\"wpforms-field-label\" for=\"wpforms-469-field_2\" >What In type<\/label>\n\t\t\t<input type=\"text\" id=\"wpforms-469-field_2\" class=\"wpforms-field-medium\" name=\"wpforms[fields][2]\" >\n\t\t<\/div>\n\t\t<div id=\"wpforms-469-field_1-container\" class=\"wpforms-field wpforms-field-text\" data-field-id=\"1\"><label class=\"wpforms-field-label\" for=\"wpforms-469-field_1\">Name <span class=\"wpforms-required-label\" aria-hidden=\"true\">*<\/span><\/label><input type=\"text\" id=\"wpforms-469-field_1\" class=\"wpforms-field-large wpforms-field-required\" name=\"wpforms[fields][1]\" aria-errormessage=\"wpforms-469-field_1-error\" required><\/div><div id=\"wpforms-469-field_3-container\" class=\"wpforms-field wpforms-field-text\" data-field-id=\"3\"><label class=\"wpforms-field-label\" for=\"wpforms-469-field_3\">Date of release <span class=\"wpforms-required-label\" aria-hidden=\"true\">*<\/span><\/label><input type=\"text\" id=\"wpforms-469-field_3\" class=\"wpforms-field-large wpforms-field-required\" name=\"wpforms[fields][3]\" aria-errormessage=\"wpforms-469-field_3-error\" required><\/div><div id=\"wpforms-469-field_4-container\" class=\"wpforms-field wpforms-field-select wpforms-field-select-style-classic\" data-field-id=\"4\"><label class=\"wpforms-field-label\" for=\"wpforms-469-field_4\">What type of fish? <span class=\"wpforms-required-label\" aria-hidden=\"true\">*<\/span><\/label><select id=\"wpforms-469-field_4\" class=\"wpforms-field-large wpforms-field-required\" name=\"wpforms[fields][4]\" required=\"required\"><option value=\"\" class=\"placeholder\" disabled  selected='selected'>--- Choose an option ---<\/option><option value=\"Small salmon: less than 63 cm\"  class=\"choice-1 depth-1\"  >Small salmon: less than 63 cm<\/option><option value=\"Large salmon: 63 cm and over\"  class=\"choice-2 depth-1\"  >Large salmon: 63 cm and over<\/option><option value=\"Omble de fontaine : plus grand que 30 cm\"  class=\"choice-3 depth-1\"  >Omble de fontaine : plus grand que 30 cm<\/option><option value=\"Omble de fontaine : plus petit que 30 cm\"  class=\"choice-4 depth-1\"  >Omble de fontaine : plus petit que 30 cm<\/option><\/select><\/div><div id=\"wpforms-469-field_5-container\" class=\"wpforms-field wpforms-field-select wpforms-field-select-style-classic\" data-field-id=\"5\"><label class=\"wpforms-field-label\" for=\"wpforms-469-field_5\">In which sector? <span class=\"wpforms-required-label\" aria-hidden=\"true\">*<\/span><\/label><select id=\"wpforms-469-field_5\" class=\"wpforms-field-large wpforms-field-required\" name=\"wpforms[fields][5]\" required=\"required\"><option value=\"\" class=\"placeholder\" disabled  selected='selected'>--- Choose an option ---<\/option><option value=\"B\"  class=\"choice-1 depth-1\"  >B<\/option><option value=\"C\"  class=\"choice-2 depth-1\"  >C<\/option><option value=\"D\"  class=\"choice-4 depth-1\"  >D<\/option><option value=\"E\"  class=\"choice-6 depth-1\"  >E<\/option><option value=\"F\"  class=\"choice-5 depth-1\"  >F<\/option><\/select><\/div><script>\n\t\t\t\t( function() {\n\t\t\t\t\tconst style = document.createElement( 'style' );\n\t\t\t\t\tstyle.appendChild( document.createTextNode( '#wpforms-469-field_2-container { position: absolute !important; overflow: hidden !important; display: inline !important; height: 1px !important; width: 1px !important; z-index: -1000 !important; padding: 0 !important; } #wpforms-469-field_2-container input { visibility: hidden; } #wpforms-conversational-form-page #wpforms-469-field_2-container label { counter-increment: none; }' ) );\n\t\t\t\t\tdocument.head.appendChild( style );\n\t\t\t\t\tdocument.currentScript?.remove();\n\t\t\t\t} )();\n\t\t\t<\/script><\/div><!-- .wpforms-field-container --><div class=\"wpforms-recaptcha-container wpforms-is-recaptcha wpforms-is-recaptcha-type-v3\" ><input type=\"hidden\" name=\"wpforms[recaptcha]\" value=\"\"><\/div><div class=\"wpforms-submit-container\" ><input type=\"hidden\" name=\"wpforms[id]\" value=\"469\"><input type=\"hidden\" name=\"page_title\" value=\"\"><input type=\"hidden\" name=\"page_url\" value=\"https:\/\/zecpetitecascapedia.com\/en\/wp-json\/wp\/v2\/pages\/687\"><input type=\"hidden\" name=\"url_referer\" value=\"\"><button type=\"submit\" name=\"wpforms[submit]\" id=\"wpforms-submit-469\" class=\"wpforms-submit\" data-alt-text=\"Sending\u2026\" data-submit-text=\"Send\" aria-live=\"assertive\" value=\"wpforms-submit\">Send<\/button><img loading=\"lazy\" decoding=\"async\" src=\"https:\/\/zecpetitecascapedia.com\/wp-content\/plugins\/wpforms-lite\/assets\/images\/submit-spin.svg\" class=\"wpforms-submit-spinner\" style=\"display: none;\" width=\"26\" height=\"26\" alt=\"Loading\"><\/div><\/form><\/div>  <!-- .wpforms-container -->\n\t\t\t\t<\/div>\n\t\t\t<\/div><\/p>\n","protected":false},"author":1,"featured_media":0,"parent":0,"menu_order":0,"comment_status":"closed","ping_status":"closed","template":"","meta":{"_et_pb_use_builder":"on","_et_pb_old_content":"","_et_gb_content_width":"","inline_featured_image":false,"footnotes":""},"class_list":["post-687","page","type-page","status-publish","hentry"],"yoast_head":"<!-- This site is optimized with the Yoast SEO plugin v26.6 - https:\/\/yoast.com\/wordpress\/plugins\/seo\/ -->\n<title>Release declaration form - ZEC Rivi\u00e8re Petite Cascap\u00e9dia<\/title>\n<meta name=\"robots\" content=\"index, follow, max-snippet:-1, max-image-preview:large, max-video-preview:-1\" \/>\n<link rel=\"canonical\" href=\"https:\/\/zecpetitecascapedia.com\/en\/release-declaration-form\/\" \/>\n<meta property=\"og:locale\" content=\"en_US\" \/>\n<meta property=\"og:type\" content=\"article\" \/>\n<meta property=\"og:title\" content=\"Release declaration form - ZEC Rivi\u00e8re Petite Cascap\u00e9dia\" \/>\n<meta property=\"og:description\" content=\"Release declaration formAll salmon must be released back into the water.Please fill out this form below as soon as you release a boat back into the water.\" \/>\n<meta property=\"og:url\" content=\"https:\/\/zecpetitecascapedia.com\/en\/release-declaration-form\/\" \/>\n<meta property=\"og:site_name\" content=\"ZEC Rivi\u00e8re Petite Cascap\u00e9dia\" \/>\n<meta property=\"article:publisher\" content=\"https:\/\/www.facebook.com\/zecpetitecascapedia1\" \/>\n<meta property=\"article:modified_time\" content=\"2025-11-17T13:53:58+00:00\" \/>\n<meta property=\"og:image\" content=\"https:\/\/zecpetitecascapedia.com\/wp-content\/uploads\/2025\/10\/ec-petite-cascapedia-tirages-reservation.jpg\" \/>\n\t<meta property=\"og:image:width\" content=\"1200\" \/>\n\t<meta property=\"og:image:height\" content=\"798\" \/>\n\t<meta property=\"og:image:type\" content=\"image\/jpeg\" \/>\n<meta name=\"twitter:card\" content=\"summary_large_image\" \/>\n<meta name=\"twitter:label1\" content=\"Est. reading time\" \/>\n\t<meta name=\"twitter:data1\" content=\"3 minutes\" \/>\n<script type=\"application\/ld+json\" class=\"yoast-schema-graph\">{\"@context\":\"https:\/\/schema.org\",\"@graph\":[{\"@type\":\"WebPage\",\"@id\":\"https:\/\/zecpetitecascapedia.com\/en\/release-declaration-form\/\",\"url\":\"https:\/\/zecpetitecascapedia.com\/en\/release-declaration-form\/\",\"name\":\"Release declaration form - ZEC Rivi\u00e8re Petite Cascap\u00e9dia\",\"isPartOf\":{\"@id\":\"https:\/\/zecpetitecascapedia.com\/#website\"},\"datePublished\":\"2025-10-29T17:21:46+00:00\",\"dateModified\":\"2025-11-17T13:53:58+00:00\",\"breadcrumb\":{\"@id\":\"https:\/\/zecpetitecascapedia.com\/en\/release-declaration-form\/#breadcrumb\"},\"inLanguage\":\"en-US\",\"potentialAction\":[{\"@type\":\"ReadAction\",\"target\":[\"https:\/\/zecpetitecascapedia.com\/en\/release-declaration-form\/\"]}]},{\"@type\":\"BreadcrumbList\",\"@id\":\"https:\/\/zecpetitecascapedia.com\/en\/release-declaration-form\/#breadcrumb\",\"itemListElement\":[{\"@type\":\"ListItem\",\"position\":1,\"name\":\"Accueil\",\"item\":\"https:\/\/zecpetitecascapedia.com\/\"},{\"@type\":\"ListItem\",\"position\":2,\"name\":\"Release declaration form\"}]},{\"@type\":\"WebSite\",\"@id\":\"https:\/\/zecpetitecascapedia.com\/#website\",\"url\":\"https:\/\/zecpetitecascapedia.com\/\",\"name\":\"ZEC Rivi\u00e8re Petite Cascap\u00e9dia\",\"description\":\"Le paradis de la p\u00eache au saumon en Gasp\u00e9sie\",\"publisher\":{\"@id\":\"https:\/\/zecpetitecascapedia.com\/#organization\"},\"potentialAction\":[{\"@type\":\"SearchAction\",\"target\":{\"@type\":\"EntryPoint\",\"urlTemplate\":\"https:\/\/zecpetitecascapedia.com\/?s={search_term_string}\"},\"query-input\":{\"@type\":\"PropertyValueSpecification\",\"valueRequired\":true,\"valueName\":\"search_term_string\"}}],\"inLanguage\":\"en-US\"},{\"@type\":\"Organization\",\"@id\":\"https:\/\/zecpetitecascapedia.com\/#organization\",\"name\":\"ZEC Rivi\u00e8re Petite Cascap\u00e9dia\",\"url\":\"https:\/\/zecpetitecascapedia.com\/\",\"logo\":{\"@type\":\"ImageObject\",\"inLanguage\":\"en-US\",\"@id\":\"https:\/\/zecpetitecascapedia.com\/#\/schema\/logo\/image\/\",\"url\":\"https:\/\/zecpetitecascapedia.com\/wp-content\/uploads\/2025\/09\/logo-zec-petite-cascapedia.jpg\",\"contentUrl\":\"https:\/\/zecpetitecascapedia.com\/wp-content\/uploads\/2025\/09\/logo-zec-petite-cascapedia.jpg\",\"width\":500,\"height\":375,\"caption\":\"ZEC Rivi\u00e8re Petite Cascap\u00e9dia\"},\"image\":{\"@id\":\"https:\/\/zecpetitecascapedia.com\/#\/schema\/logo\/image\/\"},\"sameAs\":[\"https:\/\/www.facebook.com\/zecpetitecascapedia1\"]}]}<\/script>\n<!-- \/ Yoast SEO plugin. -->","yoast_head_json":{"title":"Release declaration form - ZEC Rivi\u00e8re Petite Cascap\u00e9dia","robots":{"index":"index","follow":"follow","max-snippet":"max-snippet:-1","max-image-preview":"max-image-preview:large","max-video-preview":"max-video-preview:-1"},"canonical":"https:\/\/zecpetitecascapedia.com\/en\/release-declaration-form\/","og_locale":"en_US","og_type":"article","og_title":"Release declaration form - ZEC Rivi\u00e8re Petite Cascap\u00e9dia","og_description":"Release declaration formAll salmon must be released back into the water.Please fill out this form below as soon as you release a boat back into the water.","og_url":"https:\/\/zecpetitecascapedia.com\/en\/release-declaration-form\/","og_site_name":"ZEC Rivi\u00e8re Petite Cascap\u00e9dia","article_publisher":"https:\/\/www.facebook.com\/zecpetitecascapedia1","article_modified_time":"2025-11-17T13:53:58+00:00","og_image":[{"width":1200,"height":798,"url":"https:\/\/zecpetitecascapedia.com\/wp-content\/uploads\/2025\/10\/ec-petite-cascapedia-tirages-reservation.jpg","type":"image\/jpeg"}],"twitter_card":"summary_large_image","twitter_misc":{"Est. reading time":"3 minutes"},"schema":{"@context":"https:\/\/schema.org","@graph":[{"@type":"WebPage","@id":"https:\/\/zecpetitecascapedia.com\/en\/release-declaration-form\/","url":"https:\/\/zecpetitecascapedia.com\/en\/release-declaration-form\/","name":"Release declaration form - ZEC Rivi\u00e8re Petite Cascap\u00e9dia","isPartOf":{"@id":"https:\/\/zecpetitecascapedia.com\/#website"},"datePublished":"2025-10-29T17:21:46+00:00","dateModified":"2025-11-17T13:53:58+00:00","breadcrumb":{"@id":"https:\/\/zecpetitecascapedia.com\/en\/release-declaration-form\/#breadcrumb"},"inLanguage":"en-US","potentialAction":[{"@type":"ReadAction","target":["https:\/\/zecpetitecascapedia.com\/en\/release-declaration-form\/"]}]},{"@type":"BreadcrumbList","@id":"https:\/\/zecpetitecascapedia.com\/en\/release-declaration-form\/#breadcrumb","itemListElement":[{"@type":"ListItem","position":1,"name":"Accueil","item":"https:\/\/zecpetitecascapedia.com\/"},{"@type":"ListItem","position":2,"name":"Release declaration form"}]},{"@type":"WebSite","@id":"https:\/\/zecpetitecascapedia.com\/#website","url":"https:\/\/zecpetitecascapedia.com\/","name":"ZEC Rivi\u00e8re Petite Cascap\u00e9dia","description":"Le paradis de la p\u00eache au saumon en Gasp\u00e9sie","publisher":{"@id":"https:\/\/zecpetitecascapedia.com\/#organization"},"potentialAction":[{"@type":"SearchAction","target":{"@type":"EntryPoint","urlTemplate":"https:\/\/zecpetitecascapedia.com\/?s={search_term_string}"},"query-input":{"@type":"PropertyValueSpecification","valueRequired":true,"valueName":"search_term_string"}}],"inLanguage":"en-US"},{"@type":"Organization","@id":"https:\/\/zecpetitecascapedia.com\/#organization","name":"ZEC Rivi\u00e8re Petite Cascap\u00e9dia","url":"https:\/\/zecpetitecascapedia.com\/","logo":{"@type":"ImageObject","inLanguage":"en-US","@id":"https:\/\/zecpetitecascapedia.com\/#\/schema\/logo\/image\/","url":"https:\/\/zecpetitecascapedia.com\/wp-content\/uploads\/2025\/09\/logo-zec-petite-cascapedia.jpg","contentUrl":"https:\/\/zecpetitecascapedia.com\/wp-content\/uploads\/2025\/09\/logo-zec-petite-cascapedia.jpg","width":500,"height":375,"caption":"ZEC Rivi\u00e8re Petite Cascap\u00e9dia"},"image":{"@id":"https:\/\/zecpetitecascapedia.com\/#\/schema\/logo\/image\/"},"sameAs":["https:\/\/www.facebook.com\/zecpetitecascapedia1"]}]}},"_links":{"self":[{"href":"https:\/\/zecpetitecascapedia.com\/en\/wp-json\/wp\/v2\/pages\/687","targetHints":{"allow":["GET"]}}],"collection":[{"href":"https:\/\/zecpetitecascapedia.com\/en\/wp-json\/wp\/v2\/pages"}],"about":[{"href":"https:\/\/zecpetitecascapedia.com\/en\/wp-json\/wp\/v2\/types\/page"}],"author":[{"embeddable":true,"href":"https:\/\/zecpetitecascapedia.com\/en\/wp-json\/wp\/v2\/users\/1"}],"replies":[{"embeddable":true,"href":"https:\/\/zecpetitecascapedia.com\/en\/wp-json\/wp\/v2\/comments?post=687"}],"version-history":[{"count":5,"href":"https:\/\/zecpetitecascapedia.com\/en\/wp-json\/wp\/v2\/pages\/687\/revisions"}],"predecessor-version":[{"id":692,"href":"https:\/\/zecpetitecascapedia.com\/en\/wp-json\/wp\/v2\/pages\/687\/revisions\/692"}],"wp:attachment":[{"href":"https:\/\/zecpetitecascapedia.com\/en\/wp-json\/wp\/v2\/media?parent=687"}],"curies":[{"name":"wp","href":"https:\/\/api.w.org\/{rel}","templated":true}]}}