{"id":636,"date":"2025-10-28T11:03:55","date_gmt":"2025-10-28T15:03:55","guid":{"rendered":"https:\/\/zec.solution.quebec\/fishing-guides\/"},"modified":"2025-11-18T13:50:43","modified_gmt":"2025-11-18T18:50:43","slug":"fishing-guides","status":"publish","type":"page","link":"https:\/\/zecpetitecascapedia.com\/en\/fishing-guides\/","title":{"rendered":"Fishing guides"},"content":{"rendered":"<p>[et_pb_section fb_built=&#8221;1&#8243; _builder_version=&#8221;4.27.4&#8243; _module_preset=&#8221;default&#8221; custom_padding=&#8221;6px||1%||false|false&#8221; global_colors_info=&#8221;{}&#8221;][et_pb_row column_structure=&#8221;1_2,1_2&#8243; use_custom_gutter=&#8221;on&#8221; gutter_width=&#8221;1&#8243; make_equal=&#8221;on&#8221; _builder_version=&#8221;4.27.4&#8243; _module_preset=&#8221;default&#8221; width=&#8221;98%&#8221; max_width=&#8221;98%&#8221; custom_margin=&#8221;||||false|false&#8221; custom_padding=&#8221;0px||0px||true|false&#8221; global_colors_info=&#8221;{}&#8221;][et_pb_column type=&#8221;1_2&#8243; _builder_version=&#8221;4.27.4&#8243; _module_preset=&#8221;default&#8221; use_background_color_gradient=&#8221;on&#8221; background_color_gradient_direction=&#8221;177deg&#8221; background_color_gradient_stops=&#8221;rgba(6,24,44,0.79) 0%|rgba(6,148,172,0.77) 100%&#8221; background_color_gradient_overlays_image=&#8221;on&#8221; background_image=&#8221;https:\/\/zecpetitecascapedia.com\/wp-content\/uploads\/2025\/10\/location-equipement-zec-petite-cascapedia-image1.jpg&#8221; background_position=&#8221;top_center&#8221; background_vertical_offset=&#8221;5%&#8221; custom_padding=&#8221;12%|8%|12%|8%|false|true&#8221; custom_padding_tablet=&#8221;20%|7%|20%|7%|false|true&#8221; custom_padding_phone=&#8221;20%|7%|20%|7%|false|true&#8221; custom_padding_last_edited=&#8221;on|tablet&#8221; border_width_right=&#8221;8px&#8221; border_color_right=&#8221;#FFFFFF&#8221; border_color_bottom=&#8221;#FFFFFF&#8221; border_width_right_tablet=&#8221;0px&#8221; border_width_right_phone=&#8221;0px&#8221; border_width_right_last_edited=&#8221;on|tablet&#8221; border_width_bottom_tablet=&#8221;8px&#8221; border_width_bottom_phone=&#8221;4px&#8221; border_width_bottom_last_edited=&#8221;on|tablet&#8221; global_colors_info=&#8221;{}&#8221;][et_pb_text module_class=&#8221;citrus&#8221; _builder_version=&#8221;4.27.4&#8243; _module_preset=&#8221;default&#8221; header_text_color=&#8221;#FFFFFF&#8221; header_font_size=&#8221;4.5vw&#8221; header_2_text_color=&#8221;#FFFFFF&#8221; max_width_tablet=&#8221;80%&#8221; max_width_phone=&#8221;100%&#8221; max_width_last_edited=&#8221;on|tablet&#8221; custom_margin=&#8221;||30px||false|false&#8221; custom_margin_tablet=&#8221;||0px||false|false&#8221; custom_margin_phone=&#8221;||0px||false|false&#8221; custom_margin_last_edited=&#8221;on|tablet&#8221; header_font_size_tablet=&#8221;50px&#8221; header_font_size_phone=&#8221;35px&#8221; header_font_size_last_edited=&#8221;on|desktop&#8221; header_2_font_size_tablet=&#8221;40px&#8221; header_2_font_size_phone=&#8221;38px&#8221; header_2_font_size_last_edited=&#8221;on|phone&#8221; global_colors_info=&#8221;{}&#8221;]<\/p>\n<h1>Fishing guides<\/h1>\n<p>[\/et_pb_text][\/et_pb_column][et_pb_column type=&#8221;1_2&#8243; module_class=&#8221;hero-accueil-col2&#8243; _builder_version=&#8221;4.27.4&#8243; _module_preset=&#8221;default&#8221; background_color=&#8221;#06182C&#8221; background_enable_image=&#8221;off&#8221; background_position=&#8221;top_center&#8221; custom_padding_tablet=&#8221;15%|7%|15%|7%|true|true&#8221; custom_padding_phone=&#8221;12%||12%||true|false&#8221; custom_padding_last_edited=&#8221;on|tablet&#8221; border_width_left=&#8221;8px&#8221; border_color_left=&#8221;#FFFFFF&#8221; border_width_left_tablet=&#8221;0px&#8221; border_width_left_phone=&#8221;0px&#8221; border_width_left_last_edited=&#8221;on|tablet&#8221; global_colors_info=&#8221;{}&#8221;][et_pb_text module_class=&#8221;texte-intro-page&#8221; _builder_version=&#8221;4.27.4&#8243; _module_preset=&#8221;default&#8221; text_text_color=&#8221;#FFFFFF&#8221; global_colors_info=&#8221;{}&#8221;]<\/p>\n<p>Several individuals offer guided fishing services to sport fishermen in the various fishing sectors of the Petite rivi\u00e8re Cascap\u00e9dia.<\/p>\n<p><\/p>\n<p>All guides are independent and must hold a professional guiding license issued by the MELCCFP (Ministry of the Environment, Climate Change and Forests) for the Petite rivi\u00e8re Cascap\u00e9dia ZEC (Controlled Harvesting Zone) within its territory.<\/p>\n<p>[\/et_pb_text][\/et_pb_column][\/et_pb_row][\/et_pb_section][et_pb_section fb_built=&#8221;1&#8243; custom_padding_last_edited=&#8221;on|phone&#8221; _builder_version=&#8221;4.27.4&#8243; _module_preset=&#8221;default&#8221; custom_padding=&#8221;6%||5%||false|false&#8221; custom_padding_tablet=&#8221;&#8221; custom_padding_phone=&#8221;12%||12%||true|false&#8221; global_colors_info=&#8221;{}&#8221;][et_pb_row column_structure=&#8221;1_2,1_2&#8243; use_custom_gutter=&#8221;on&#8221; gutter_width=&#8221;4&#8243; make_equal=&#8221;on&#8221; custom_padding_last_edited=&#8221;on|desktop&#8221; _builder_version=&#8221;4.27.4&#8243; _module_preset=&#8221;default&#8221; width_tablet=&#8221;86%&#8221; width_phone=&#8221;86%&#8221; width_last_edited=&#8221;on|tablet&#8221; max_width_tablet=&#8221;86%&#8221; max_width_phone=&#8221;86%&#8221; max_width_last_edited=&#8221;on|tablet&#8221; custom_padding=&#8221;0px||0px||false|false&#8221; custom_padding_tablet=&#8221;0px||0px||false|false&#8221; custom_padding_phone=&#8221;0px||0px||false|false&#8221; global_colors_info=&#8221;{}&#8221;][et_pb_column type=&#8221;1_2&#8243; _builder_version=&#8221;4.27.4&#8243; _module_preset=&#8221;default&#8221; global_colors_info=&#8221;{}&#8221;][et_pb_text _builder_version=&#8221;4.27.4&#8243; _module_preset=&#8221;default&#8221; text_text_color=&#8221;#06182C&#8221; text_font_size=&#8221;25px&#8221; text_line_height=&#8221;1.3em&#8221; max_width=&#8221;95%&#8221; max_width_tablet=&#8221;100%&#8221; max_width_phone=&#8221;100%&#8221; max_width_last_edited=&#8221;on|desktop&#8221; custom_margin=&#8221;||20px||false|false&#8221; global_colors_info=&#8221;{}&#8221;]<\/p>\n<p>In order to obtain a guiding business license from the Government of Quebec, all independent guides must obtain support from our organization.<\/p>\n<p>[\/et_pb_text][et_pb_text _builder_version=&#8221;4.27.4&#8243; _module_preset=&#8221;default&#8221; max_width=&#8221;95%&#8221; max_width_tablet=&#8221;100%&#8221; max_width_phone=&#8221;100%&#8221; max_width_last_edited=&#8221;on|desktop&#8221; global_colors_info=&#8221;{}&#8221;]<\/p>\n<p>Below you will find a link to the commitment agreement, which aims to ensure safe and high-quality service for our clients.<\/p>\n<p><\/p>\n<p>* APSRC Inc. cannot be held responsible for any disputes and\/or inconveniences related to the private guide service.<\/p>\n<p>[\/et_pb_text][et_pb_button button_url=&#8221;#&#8221; url_new_window=&#8221;on&#8221; button_text=&#8221;Commitment agreement (link to be provided)&#8221; button_alignment_tablet=&#8221;center&#8221; button_alignment_phone=&#8221;center&#8221; button_alignment_last_edited=&#8221;on|tablet&#8221; _builder_version=&#8221;4.27.4&#8243; _module_preset=&#8221;default&#8221; custom_button=&#8221;on&#8221; button_text_size=&#8221;16px&#8221; button_text_color=&#8221;#FFFFFF&#8221; button_bg_color=&#8221;#0694AC&#8221; button_border_color=&#8221;#0694AC&#8221; button_border_radius=&#8221;50px&#8221; button_font=&#8221;|600|||||||&#8221; button_icon=&#8221;&#xf061;||fa||900&#8243; button_on_hover=&#8221;off&#8221; custom_margin=&#8221;15px||||false|false&#8221; custom_margin_tablet=&#8221;0px||8%||false|false&#8221; custom_margin_phone=&#8221;||12%||false|false&#8221; custom_margin_last_edited=&#8221;on|tablet&#8221; hover_enabled=&#8221;0&#8243; box_shadow_style=&#8221;preset4&#8243; box_shadow_horizontal=&#8221;3px&#8221; box_shadow_vertical=&#8221;6px&#8221; box_shadow_color=&#8221;#BFB32C&#8221; global_colors_info=&#8221;{}&#8221; button_bg_color__hover_enabled=&#8221;on|desktop&#8221; button_bg_color__hover=&#8221;#BFB32C&#8221; button_bg_enable_color__hover=&#8221;on&#8221; button_border_color__hover_enabled=&#8221;on|hover&#8221; button_border_color__hover=&#8221;#BFB32C&#8221; box_shadow_horizontal__hover_enabled=&#8221;on|hover&#8221; box_shadow_horizontal__hover=&#8221;0px&#8221; box_shadow_vertical__hover_enabled=&#8221;on|desktop&#8221; box_shadow_vertical__hover=&#8221;0px&#8221; disabled_on=&#8221;on|on|on&#8221; disabled=&#8221;on&#8221; sticky_enabled=&#8221;0&#8243;][\/et_pb_button][\/et_pb_column][et_pb_column type=&#8221;1_2&#8243; _builder_version=&#8221;4.27.4&#8243; _module_preset=&#8221;default&#8221; background_enable_color=&#8221;off&#8221; global_colors_info=&#8221;{}&#8221;][et_pb_text _builder_version=&#8221;4.27.4&#8243; _module_preset=&#8221;default&#8221; max_width=&#8221;95%&#8221; max_width_tablet=&#8221;100%&#8221; max_width_phone=&#8221;100%&#8221; max_width_last_edited=&#8221;on|desktop&#8221; custom_margin=&#8221;||20px||false|false&#8221; global_colors_info=&#8221;{}&#8221;]<\/p>\n<p><strong>Here is the list of guides that have officially obtained their trading license from the Government:<\/strong><\/p>\n<p>[\/et_pb_text][et_pb_text _builder_version=&#8221;4.27.4&#8243; _module_preset=&#8221;default&#8221; global_colors_info=&#8221;{}&#8221;]<\/p>\n<ul>\n<li>Bernard, Yvan &#8211; (418) 392-0828<\/li>\n<li>Bishop, David &#8211; (418) 392-3620<\/li>\n<li>Bujold, Dominik &#8211; (581) 884-0206<\/li>\n<li>Bujold, Hughes &#8211; (418) 391-6443<\/li>\n<li>Bujold, Marc-Andr\u00e9 &#8211; (418)392-5416<\/li>\n<li>Clairmont, Jean-Marc &#8211; (418) 750-6861<\/li>\n<li>Dionne-Binette, Charles-Olivier &#8211; (819) 324-9784<\/li>\n<li>Ferr\u00e9, Guillaume &#8211; (581) 998-7999<\/li>\n<li>Gagn\u00e9, Jean-Alexis &#8211; (581) 246-2208<\/li>\n<li>Galarneau-Girard, Laurence<\/li>\n<li>Harrison, Glenn &#8211; (418) 759-3559<\/li>\n<li>H\u00e9bert, Andr\u00e9 &#8211; (514) 830-0637<\/li>\n<li>Laflamme, Louis &#8211; (418) 956-5613<\/li>\n<li>Laroche, Hubert &#8211; (819) 995-0578<\/li>\n<li>Mallais, Alexandre &#8211; (418) 391-7543<\/li>\n<li>Martin, Ma\u00e9lie &#8211; (514) 618-5300<\/li>\n<li>Poirier, Dany &#8211; (418) 534-2793<\/li>\n<li>Samson, Nicolas &#8211; (418) 372-9077<\/li>\n<li>Tessier, Jean-Philippe &#8211; (819) 695-3827<\/li>\n<li>Xenopoulos, Manuel &#8211; (418) 759-1475<\/li>\n<\/ul>\n<p>[\/et_pb_text][et_pb_text _builder_version=&#8221;4.27.4&#8243; _module_preset=&#8221;default&#8221; max_width=&#8221;95%&#8221; max_width_tablet=&#8221;100%&#8221; max_width_phone=&#8221;100%&#8221; max_width_last_edited=&#8221;on|desktop&#8221; custom_margin=&#8221;||20px||false|false&#8221; global_colors_info=&#8221;{}&#8221;]<\/p>\n<p><strong>Organisations:<\/strong><\/p>\n<p>[\/et_pb_text][et_pb_text _builder_version=&#8221;4.27.4&#8243; _module_preset=&#8221;default&#8221; global_colors_info=&#8221;{}&#8221;]<\/p>\n<ul>\n<li>Zec de la Petite-Rivi\u00e8re-Cascap\u00e9dia<\/li>\n<li>Pourvoirie Camp Bonaventure<\/li>\n<li>Pourvoirie Salmon Lodge<\/li>\n<\/ul>\n<p>[\/et_pb_text][\/et_pb_column][\/et_pb_row][\/et_pb_section][et_pb_section fb_built=&#8221;1&#8243; fullwidth=&#8221;on&#8221; _builder_version=&#8221;4.27.4&#8243; _module_preset=&#8221;default&#8221; custom_margin=&#8221;||6%||false|false&#8221; global_colors_info=&#8221;{}&#8221;][et_pb_fullwidth_image src=&#8221;https:\/\/zecpetitecascapedia.com\/wp-content\/uploads\/2025\/10\/zec-petite-cascapedia-guides-de-peche-2.jpg&#8221; title_text=&#8221;zec-petite-cascapedia-guides-de-peche-2&#8243; _builder_version=&#8221;4.27.4&#8243; _module_preset=&#8221;default&#8221; global_colors_info=&#8221;{}&#8221;][\/et_pb_fullwidth_image][\/et_pb_section]<\/p>\n","protected":false},"excerpt":{"rendered":"<p>Fishing guidesSeveral individuals offer guided fishing services to sport fishermen in the various fishing sectors of the Petite rivi\u00e8re Cascap\u00e9dia.All guides are independent and must hold a professional guiding license issued by the MELCCFP (Ministry of the Environment, Climate Change and Forests) for the Petite rivi\u00e8re Cascap\u00e9dia ZEC (Controlled Harvesting Zone) within its territory.In order [&hellip;]<\/p>\n","protected":false},"author":1,"featured_media":0,"parent":0,"menu_order":0,"comment_status":"closed","ping_status":"closed","template":"","meta":{"_et_pb_use_builder":"on","_et_pb_old_content":"","_et_gb_content_width":"","inline_featured_image":false,"footnotes":""},"class_list":["post-636","page","type-page","status-publish","hentry"],"yoast_head":"<!-- This site is optimized with the Yoast SEO plugin v26.6 - https:\/\/yoast.com\/wordpress\/plugins\/seo\/ -->\n<title>Fishing guides - ZEC Rivi\u00e8re Petite Cascap\u00e9dia<\/title>\n<meta name=\"robots\" content=\"index, follow, max-snippet:-1, max-image-preview:large, max-video-preview:-1\" \/>\n<link rel=\"canonical\" href=\"https:\/\/zecpetitecascapedia.com\/en\/fishing-guides\/\" \/>\n<meta property=\"og:locale\" content=\"en_US\" \/>\n<meta property=\"og:type\" content=\"article\" \/>\n<meta property=\"og:title\" content=\"Fishing guides - ZEC Rivi\u00e8re Petite Cascap\u00e9dia\" \/>\n<meta property=\"og:description\" content=\"Fishing guidesSeveral individuals offer guided fishing services to sport fishermen in the various fishing sectors of the Petite rivi\u00e8re Cascap\u00e9dia.All guides are independent and must hold a professional guiding license issued by the MELCCFP (Ministry of the Environment, Climate Change and Forests) for the Petite rivi\u00e8re Cascap\u00e9dia ZEC (Controlled Harvesting Zone) within its territory.In order [&hellip;]\" \/>\n<meta property=\"og:url\" content=\"https:\/\/zecpetitecascapedia.com\/en\/fishing-guides\/\" \/>\n<meta property=\"og:site_name\" content=\"ZEC Rivi\u00e8re Petite Cascap\u00e9dia\" \/>\n<meta property=\"article:publisher\" content=\"https:\/\/www.facebook.com\/zecpetitecascapedia1\" \/>\n<meta property=\"article:modified_time\" content=\"2025-11-18T18:50:43+00:00\" \/>\n<meta property=\"og:image\" content=\"https:\/\/zecpetitecascapedia.com\/wp-content\/uploads\/2025\/10\/ec-petite-cascapedia-tirages-reservation.jpg\" \/>\n\t<meta property=\"og:image:width\" content=\"1200\" \/>\n\t<meta property=\"og:image:height\" content=\"798\" \/>\n\t<meta property=\"og:image:type\" content=\"image\/jpeg\" \/>\n<meta name=\"twitter:card\" content=\"summary_large_image\" \/>\n<meta name=\"twitter:label1\" content=\"Est. reading time\" \/>\n\t<meta name=\"twitter:data1\" content=\"6 minutes\" \/>\n<script type=\"application\/ld+json\" class=\"yoast-schema-graph\">{\"@context\":\"https:\/\/schema.org\",\"@graph\":[{\"@type\":\"WebPage\",\"@id\":\"https:\/\/zecpetitecascapedia.com\/en\/fishing-guides\/\",\"url\":\"https:\/\/zecpetitecascapedia.com\/en\/fishing-guides\/\",\"name\":\"Fishing guides - ZEC Rivi\u00e8re Petite Cascap\u00e9dia\",\"isPartOf\":{\"@id\":\"https:\/\/zecpetitecascapedia.com\/#website\"},\"datePublished\":\"2025-10-28T15:03:55+00:00\",\"dateModified\":\"2025-11-18T18:50:43+00:00\",\"breadcrumb\":{\"@id\":\"https:\/\/zecpetitecascapedia.com\/en\/fishing-guides\/#breadcrumb\"},\"inLanguage\":\"en-US\",\"potentialAction\":[{\"@type\":\"ReadAction\",\"target\":[\"https:\/\/zecpetitecascapedia.com\/en\/fishing-guides\/\"]}]},{\"@type\":\"BreadcrumbList\",\"@id\":\"https:\/\/zecpetitecascapedia.com\/en\/fishing-guides\/#breadcrumb\",\"itemListElement\":[{\"@type\":\"ListItem\",\"position\":1,\"name\":\"Accueil\",\"item\":\"https:\/\/zecpetitecascapedia.com\/\"},{\"@type\":\"ListItem\",\"position\":2,\"name\":\"Fishing guides\"}]},{\"@type\":\"WebSite\",\"@id\":\"https:\/\/zecpetitecascapedia.com\/#website\",\"url\":\"https:\/\/zecpetitecascapedia.com\/\",\"name\":\"ZEC Rivi\u00e8re Petite Cascap\u00e9dia\",\"description\":\"Le paradis de la p\u00eache au saumon en Gasp\u00e9sie\",\"publisher\":{\"@id\":\"https:\/\/zecpetitecascapedia.com\/#organization\"},\"potentialAction\":[{\"@type\":\"SearchAction\",\"target\":{\"@type\":\"EntryPoint\",\"urlTemplate\":\"https:\/\/zecpetitecascapedia.com\/?s={search_term_string}\"},\"query-input\":{\"@type\":\"PropertyValueSpecification\",\"valueRequired\":true,\"valueName\":\"search_term_string\"}}],\"inLanguage\":\"en-US\"},{\"@type\":\"Organization\",\"@id\":\"https:\/\/zecpetitecascapedia.com\/#organization\",\"name\":\"ZEC Rivi\u00e8re Petite Cascap\u00e9dia\",\"url\":\"https:\/\/zecpetitecascapedia.com\/\",\"logo\":{\"@type\":\"ImageObject\",\"inLanguage\":\"en-US\",\"@id\":\"https:\/\/zecpetitecascapedia.com\/#\/schema\/logo\/image\/\",\"url\":\"https:\/\/zecpetitecascapedia.com\/wp-content\/uploads\/2025\/09\/logo-zec-petite-cascapedia.jpg\",\"contentUrl\":\"https:\/\/zecpetitecascapedia.com\/wp-content\/uploads\/2025\/09\/logo-zec-petite-cascapedia.jpg\",\"width\":500,\"height\":375,\"caption\":\"ZEC Rivi\u00e8re Petite Cascap\u00e9dia\"},\"image\":{\"@id\":\"https:\/\/zecpetitecascapedia.com\/#\/schema\/logo\/image\/\"},\"sameAs\":[\"https:\/\/www.facebook.com\/zecpetitecascapedia1\"]}]}<\/script>\n<!-- \/ Yoast SEO plugin. -->","yoast_head_json":{"title":"Fishing guides - ZEC Rivi\u00e8re Petite Cascap\u00e9dia","robots":{"index":"index","follow":"follow","max-snippet":"max-snippet:-1","max-image-preview":"max-image-preview:large","max-video-preview":"max-video-preview:-1"},"canonical":"https:\/\/zecpetitecascapedia.com\/en\/fishing-guides\/","og_locale":"en_US","og_type":"article","og_title":"Fishing guides - ZEC Rivi\u00e8re Petite Cascap\u00e9dia","og_description":"Fishing guidesSeveral individuals offer guided fishing services to sport fishermen in the various fishing sectors of the Petite rivi\u00e8re Cascap\u00e9dia.All guides are independent and must hold a professional guiding license issued by the MELCCFP (Ministry of the Environment, Climate Change and Forests) for the Petite rivi\u00e8re Cascap\u00e9dia ZEC (Controlled Harvesting Zone) within its territory.In order [&hellip;]","og_url":"https:\/\/zecpetitecascapedia.com\/en\/fishing-guides\/","og_site_name":"ZEC Rivi\u00e8re Petite Cascap\u00e9dia","article_publisher":"https:\/\/www.facebook.com\/zecpetitecascapedia1","article_modified_time":"2025-11-18T18:50:43+00:00","og_image":[{"width":1200,"height":798,"url":"https:\/\/zecpetitecascapedia.com\/wp-content\/uploads\/2025\/10\/ec-petite-cascapedia-tirages-reservation.jpg","type":"image\/jpeg"}],"twitter_card":"summary_large_image","twitter_misc":{"Est. reading time":"6 minutes"},"schema":{"@context":"https:\/\/schema.org","@graph":[{"@type":"WebPage","@id":"https:\/\/zecpetitecascapedia.com\/en\/fishing-guides\/","url":"https:\/\/zecpetitecascapedia.com\/en\/fishing-guides\/","name":"Fishing guides - ZEC Rivi\u00e8re Petite Cascap\u00e9dia","isPartOf":{"@id":"https:\/\/zecpetitecascapedia.com\/#website"},"datePublished":"2025-10-28T15:03:55+00:00","dateModified":"2025-11-18T18:50:43+00:00","breadcrumb":{"@id":"https:\/\/zecpetitecascapedia.com\/en\/fishing-guides\/#breadcrumb"},"inLanguage":"en-US","potentialAction":[{"@type":"ReadAction","target":["https:\/\/zecpetitecascapedia.com\/en\/fishing-guides\/"]}]},{"@type":"BreadcrumbList","@id":"https:\/\/zecpetitecascapedia.com\/en\/fishing-guides\/#breadcrumb","itemListElement":[{"@type":"ListItem","position":1,"name":"Accueil","item":"https:\/\/zecpetitecascapedia.com\/"},{"@type":"ListItem","position":2,"name":"Fishing guides"}]},{"@type":"WebSite","@id":"https:\/\/zecpetitecascapedia.com\/#website","url":"https:\/\/zecpetitecascapedia.com\/","name":"ZEC Rivi\u00e8re Petite Cascap\u00e9dia","description":"Le paradis de la p\u00eache au saumon en Gasp\u00e9sie","publisher":{"@id":"https:\/\/zecpetitecascapedia.com\/#organization"},"potentialAction":[{"@type":"SearchAction","target":{"@type":"EntryPoint","urlTemplate":"https:\/\/zecpetitecascapedia.com\/?s={search_term_string}"},"query-input":{"@type":"PropertyValueSpecification","valueRequired":true,"valueName":"search_term_string"}}],"inLanguage":"en-US"},{"@type":"Organization","@id":"https:\/\/zecpetitecascapedia.com\/#organization","name":"ZEC Rivi\u00e8re Petite Cascap\u00e9dia","url":"https:\/\/zecpetitecascapedia.com\/","logo":{"@type":"ImageObject","inLanguage":"en-US","@id":"https:\/\/zecpetitecascapedia.com\/#\/schema\/logo\/image\/","url":"https:\/\/zecpetitecascapedia.com\/wp-content\/uploads\/2025\/09\/logo-zec-petite-cascapedia.jpg","contentUrl":"https:\/\/zecpetitecascapedia.com\/wp-content\/uploads\/2025\/09\/logo-zec-petite-cascapedia.jpg","width":500,"height":375,"caption":"ZEC Rivi\u00e8re Petite Cascap\u00e9dia"},"image":{"@id":"https:\/\/zecpetitecascapedia.com\/#\/schema\/logo\/image\/"},"sameAs":["https:\/\/www.facebook.com\/zecpetitecascapedia1"]}]}},"_links":{"self":[{"href":"https:\/\/zecpetitecascapedia.com\/en\/wp-json\/wp\/v2\/pages\/636","targetHints":{"allow":["GET"]}}],"collection":[{"href":"https:\/\/zecpetitecascapedia.com\/en\/wp-json\/wp\/v2\/pages"}],"about":[{"href":"https:\/\/zecpetitecascapedia.com\/en\/wp-json\/wp\/v2\/types\/page"}],"author":[{"embeddable":true,"href":"https:\/\/zecpetitecascapedia.com\/en\/wp-json\/wp\/v2\/users\/1"}],"replies":[{"embeddable":true,"href":"https:\/\/zecpetitecascapedia.com\/en\/wp-json\/wp\/v2\/comments?post=636"}],"version-history":[{"count":13,"href":"https:\/\/zecpetitecascapedia.com\/en\/wp-json\/wp\/v2\/pages\/636\/revisions"}],"predecessor-version":[{"id":966,"href":"https:\/\/zecpetitecascapedia.com\/en\/wp-json\/wp\/v2\/pages\/636\/revisions\/966"}],"wp:attachment":[{"href":"https:\/\/zecpetitecascapedia.com\/en\/wp-json\/wp\/v2\/media?parent=636"}],"curies":[{"name":"wp","href":"https:\/\/api.w.org\/{rel}","templated":true}]}}