{"id":628,"date":"2025-10-10T16:09:30","date_gmt":"2025-10-10T20:09:30","guid":{"rendered":"https:\/\/zec.solution.quebec\/code-of-ethics\/"},"modified":"2025-11-13T16:05:20","modified_gmt":"2025-11-13T21:05:20","slug":"code-of-ethics","status":"publish","type":"page","link":"https:\/\/zecpetitecascapedia.com\/en\/code-of-ethics\/","title":{"rendered":"Code of Ethics"},"content":{"rendered":"<p>[et_pb_section fb_built=&#8221;1&#8243; _builder_version=&#8221;4.27.4&#8243; _module_preset=&#8221;default&#8221; custom_padding=&#8221;6px||1%||false|false&#8221; global_colors_info=&#8221;{}&#8221;][et_pb_row column_structure=&#8221;1_2,1_2&#8243; use_custom_gutter=&#8221;on&#8221; gutter_width=&#8221;1&#8243; make_equal=&#8221;on&#8221; _builder_version=&#8221;4.27.4&#8243; _module_preset=&#8221;default&#8221; width=&#8221;98%&#8221; max_width=&#8221;98%&#8221; custom_margin=&#8221;||||false|false&#8221; custom_padding=&#8221;0px||0px||true|false&#8221; global_colors_info=&#8221;{}&#8221;][et_pb_column type=&#8221;1_2&#8243; _builder_version=&#8221;4.27.4&#8243; _module_preset=&#8221;default&#8221; use_background_color_gradient=&#8221;on&#8221; background_color_gradient_direction=&#8221;177deg&#8221; background_color_gradient_stops=&#8221;rgba(6,24,44,0.78) 0%|rgba(6,148,172,0.55) 100%&#8221; background_color_gradient_overlays_image=&#8221;on&#8221; background_image=&#8221;https:\/\/zecpetitecascapedia.com\/wp-content\/uploads\/2025\/09\/riviere-petite-cascapedia-photo-1.png&#8221; background_position=&#8221;top_center&#8221; custom_padding=&#8221;12%|8%|12%|8%|false|true&#8221; custom_padding_tablet=&#8221;20%|7%|20%|7%|false|true&#8221; custom_padding_phone=&#8221;20%|7%|20%|7%|false|true&#8221; custom_padding_last_edited=&#8221;on|tablet&#8221; border_width_right=&#8221;8px&#8221; border_color_right=&#8221;#FFFFFF&#8221; border_color_bottom=&#8221;#FFFFFF&#8221; border_width_right_tablet=&#8221;0px&#8221; border_width_right_phone=&#8221;0px&#8221; border_width_right_last_edited=&#8221;on|tablet&#8221; border_width_bottom_tablet=&#8221;8px&#8221; border_width_bottom_phone=&#8221;4px&#8221; border_width_bottom_last_edited=&#8221;on|tablet&#8221; global_colors_info=&#8221;{}&#8221;][et_pb_text module_class=&#8221;citrus&#8221; _builder_version=&#8221;4.27.4&#8243; _module_preset=&#8221;default&#8221; header_text_color=&#8221;#FFFFFF&#8221; header_font_size=&#8221;4.5vw&#8221; header_2_text_color=&#8221;#FFFFFF&#8221; max_width_tablet=&#8221;80%&#8221; max_width_phone=&#8221;100%&#8221; max_width_last_edited=&#8221;on|tablet&#8221; custom_margin=&#8221;||30px||false|false&#8221; custom_margin_tablet=&#8221;||0px||false|false&#8221; custom_margin_phone=&#8221;||0px||false|false&#8221; custom_margin_last_edited=&#8221;on|tablet&#8221; header_font_size_tablet=&#8221;50px&#8221; header_font_size_phone=&#8221;35px&#8221; header_font_size_last_edited=&#8221;on|desktop&#8221; header_2_font_size_tablet=&#8221;40px&#8221; header_2_font_size_phone=&#8221;38px&#8221; header_2_font_size_last_edited=&#8221;on|phone&#8221; global_colors_info=&#8221;{}&#8221;]<\/p>\n<h1>Code of Ethics<\/h1>\n<p>[\/et_pb_text][\/et_pb_column][et_pb_column type=&#8221;1_2&#8243; module_class=&#8221;hero-accueil-col2&#8243; _builder_version=&#8221;4.27.4&#8243; _module_preset=&#8221;default&#8221; background_color=&#8221;#06182C&#8221; background_enable_image=&#8221;off&#8221; background_position=&#8221;top_center&#8221; custom_padding_tablet=&#8221;15%|7%|15%|7%|true|true&#8221; custom_padding_phone=&#8221;12%||12%||true|false&#8221; custom_padding_last_edited=&#8221;on|tablet&#8221; border_width_left=&#8221;8px&#8221; border_color_left=&#8221;#FFFFFF&#8221; border_width_left_tablet=&#8221;0px&#8221; border_width_left_phone=&#8221;0px&#8221; border_width_left_last_edited=&#8221;on|tablet&#8221; global_colors_info=&#8221;{}&#8221;][et_pb_text module_class=&#8221;texte-intro-page&#8221; _builder_version=&#8221;4.27.4&#8243; _module_preset=&#8221;default&#8221; text_text_color=&#8221;#FFFFFF&#8221; header_2_font=&#8221;|700|||||||&#8221; header_2_text_color=&#8221;#BFB32C&#8221; header_2_font_size=&#8221;25px&#8221; header_2_line_height=&#8221;1.3em&#8221; hover_enabled=&#8221;0&#8243; global_colors_info=&#8221;{}&#8221; sticky_enabled=&#8221;0&#8243;]<\/p>\n<h2>Code of Ethics for Salmon Fishing on the Petite Cascapedia River<\/h2>\n<p>[\/et_pb_text][et_pb_text module_class=&#8221;texte-intro-page&#8221; _builder_version=&#8221;4.27.4&#8243; _module_preset=&#8221;default&#8221; text_text_color=&#8221;#FFFFFF&#8221; global_colors_info=&#8221;{}&#8221;]<\/p>\n<p>The salmon fishing code of ethics is not a fishing regulation. However, in order to maintain harmonious relationships with other anglers, it is requested that this code of ethics be respected so that everyone can practice their sport fairly and equitably.<\/p>\n<p>[\/et_pb_text][\/et_pb_column][\/et_pb_row][\/et_pb_section][et_pb_section fb_built=&#8221;1&#8243; custom_padding_last_edited=&#8221;on|phone&#8221; _builder_version=&#8221;4.27.4&#8243; _module_preset=&#8221;default&#8221; custom_padding=&#8221;6%||6%||false|false&#8221; custom_padding_tablet=&#8221;&#8221; custom_padding_phone=&#8221;12%||12%||true|false&#8221; global_colors_info=&#8221;{}&#8221;][et_pb_row use_custom_gutter=&#8221;on&#8221; gutter_width=&#8221;4&#8243; make_equal=&#8221;on&#8221; custom_padding_last_edited=&#8221;on|desktop&#8221; _builder_version=&#8221;4.27.4&#8243; _module_preset=&#8221;default&#8221; width_tablet=&#8221;86%&#8221; width_phone=&#8221;86%&#8221; width_last_edited=&#8221;on|tablet&#8221; max_width=&#8221;1000px&#8221; max_width_tablet=&#8221;86%&#8221; max_width_phone=&#8221;86%&#8221; max_width_last_edited=&#8221;on|tablet&#8221; module_alignment=&#8221;center&#8221; custom_padding=&#8221;0px||0px||false|false&#8221; custom_padding_tablet=&#8221;||0px||false|false&#8221; custom_padding_phone=&#8221;0px||0px||false|false&#8221; global_colors_info=&#8221;{}&#8221;][et_pb_column type=&#8221;4_4&#8243; _builder_version=&#8221;4.27.4&#8243; _module_preset=&#8221;default&#8221; global_colors_info=&#8221;{}&#8221;][et_pb_text module_class=&#8221;citrus&#8221; _builder_version=&#8221;4.27.4&#8243; _module_preset=&#8221;default&#8221; header_2_text_color=&#8221;#0694AC&#8221; header_2_font_size=&#8221;30px&#8221; custom_margin=&#8221;||5px||false|false&#8221; header_2_font_size_tablet=&#8221;40px&#8221; header_2_font_size_phone=&#8221;35px&#8221; header_2_font_size_last_edited=&#8221;on|tablet&#8221; global_colors_info=&#8221;{}&#8221;]<\/p>\n<h2>1 &#8211; Respect for private property<\/h2>\n<p>[\/et_pb_text][et_pb_text _builder_version=&#8221;4.27.4&#8243; _module_preset=&#8221;default&#8221; max_width=&#8221;95%&#8221; max_width_tablet=&#8221;100%&#8221; max_width_phone=&#8221;100%&#8221; max_width_last_edited=&#8221;on|desktop&#8221; custom_margin=&#8221;||7%||false|false&#8221; global_colors_info=&#8221;{}&#8221;]<\/p>\n<p>The Petite Cascap\u00e9dia River has about sixty pools, more than 48 of which are within the ZEC (Controlled Harvesting Zone), spread across four sectors. Three have limited access and one has unlimited access. The two sectors in the lower reaches of the West and East branches are reserved for sea trout fishing (anadromous brook trout), which are found in large sizes. Fishing is possible by wading or canoeing, and some pools are only accessible by boat. The most productive pools have gravel bottoms. Catch and release of salmon over 63 cm is mandatory throughout the fishing season. Our Association promotes catch and release, and we encourage you to do so even with grilse.<\/p>\n<p>[\/et_pb_text][et_pb_text module_class=&#8221;citrus&#8221; _builder_version=&#8221;4.27.4&#8243; _module_preset=&#8221;default&#8221; header_2_text_color=&#8221;#0694AC&#8221; header_2_font_size=&#8221;30px&#8221; custom_margin=&#8221;||5px||false|false&#8221; header_2_font_size_tablet=&#8221;40px&#8221; header_2_font_size_phone=&#8221;35px&#8221; header_2_font_size_last_edited=&#8221;on|tablet&#8221; global_colors_info=&#8221;{}&#8221;]<\/p>\n<h2>2 &#8211; Respect for the environment<\/h2>\n<p>[\/et_pb_text][et_pb_text _builder_version=&#8221;4.27.4&#8243; _module_preset=&#8221;default&#8221; max_width=&#8221;95%&#8221; max_width_tablet=&#8221;100%&#8221; max_width_phone=&#8221;100%&#8221; max_width_last_edited=&#8221;on|desktop&#8221; custom_margin=&#8221;||7%||false|false&#8221; global_colors_info=&#8221;{}&#8221;]<\/p>\n<ul>\n<li>Pick up your broken flies and worn-out fly rods.<\/li>\n<li>Pick up your litter.<\/li>\n<li>Use the bins provided.<\/li>\n<li>Leave the area clean when you leave.<\/li>\n<\/ul>\n<p>[\/et_pb_text][et_pb_text module_class=&#8221;citrus&#8221; _builder_version=&#8221;4.27.4&#8243; _module_preset=&#8221;default&#8221; header_2_text_color=&#8221;#0694AC&#8221; header_2_font_size=&#8221;30px&#8221; custom_margin=&#8221;||5px||false|false&#8221; header_2_font_size_tablet=&#8221;40px&#8221; header_2_font_size_phone=&#8221;35px&#8221; header_2_font_size_last_edited=&#8221;on|tablet&#8221; global_colors_info=&#8221;{}&#8221;]<\/p>\n<h2>3 &#8211; Report any poaching activity<\/h2>\n<p>[\/et_pb_text][et_pb_text _builder_version=&#8221;4.27.4&#8243; _module_preset=&#8221;default&#8221; max_width=&#8221;95%&#8221; max_width_tablet=&#8221;100%&#8221; max_width_phone=&#8221;100%&#8221; max_width_last_edited=&#8221;on|desktop&#8221; custom_margin=&#8221;||7%||false|false&#8221; global_colors_info=&#8221;{}&#8221;]<\/p>\n<p>Report poaching incidents to S.O.S. Poaching (1-800-463-2191).<\/p>\n<p>[\/et_pb_text][et_pb_text module_class=&#8221;citrus&#8221; _builder_version=&#8221;4.27.4&#8243; _module_preset=&#8221;default&#8221; header_2_text_color=&#8221;#0694AC&#8221; header_2_font_size=&#8221;30px&#8221; custom_margin=&#8221;||5px||false|false&#8221; header_2_font_size_tablet=&#8221;40px&#8221; header_2_font_size_phone=&#8221;35px&#8221; header_2_font_size_last_edited=&#8221;on|tablet&#8221; global_colors_info=&#8221;{}&#8221;]<\/p>\n<h2>4 &#8211; Fisherman&#8217;s behavior<\/h2>\n<p>[\/et_pb_text][et_pb_text _builder_version=&#8221;4.27.4&#8243; _module_preset=&#8221;default&#8221; max_width=&#8221;95%&#8221; max_width_tablet=&#8221;100%&#8221; max_width_phone=&#8221;100%&#8221; max_width_last_edited=&#8221;on|desktop&#8221; custom_margin=&#8221;||7%||false|false&#8221; global_colors_info=&#8221;{}&#8221;]<\/p>\n<ul>\n<li>Avoid making noise when approaching a deep pool.<\/li>\n<li>Avoid entering the water too deeply.<\/li>\n<li>Be careful when passing behind anglers.<\/li>\n<li>Respect the ZEC facilities.<\/li>\n<li>Respect the ZEC employees.<\/li>\n<\/ul>\n<p>[\/et_pb_text][et_pb_text module_class=&#8221;citrus&#8221; _builder_version=&#8221;4.27.4&#8243; _module_preset=&#8221;default&#8221; header_2_text_color=&#8221;#0694AC&#8221; header_2_font_size=&#8221;30px&#8221; custom_margin=&#8221;||5px||false|false&#8221; header_2_font_size_tablet=&#8221;40px&#8221; header_2_font_size_phone=&#8221;35px&#8221; header_2_font_size_last_edited=&#8221;on|tablet&#8221; global_colors_info=&#8221;{}&#8221;]<\/p>\n<h2>5 &#8211; Rotational Fishing<\/h2>\n<p>[\/et_pb_text][et_pb_text _builder_version=&#8221;4.27.4&#8243; _module_preset=&#8221;default&#8221; max_width=&#8221;95%&#8221; max_width_tablet=&#8221;100%&#8221; max_width_phone=&#8221;100%&#8221; max_width_last_edited=&#8221;on|desktop&#8221; custom_margin=&#8221;||7%||false|false&#8221; global_colors_info=&#8221;{}&#8221;]<\/p>\n<p>The rotation starts upstream of a pit.<\/p>\n<p><\/p>\n<p>Make a few throws and move downstream of the pit, repeating: one (1) throw, &#8212; one (1) step downstream.<\/p>\n<p><\/p>\n<p>Keep a safe distance (length of your line + 10 feet) between other fishermen.<\/p>\n<p><\/p>\n<p>Once you reach the bottom of the pool, exit the river and work your way upstream to begin a new rotation.<\/p>\n<p><\/p>\n<p>When a salmon rises to the fly but doesn&#8217;t take it, you may pause to change flies and make a few more casts without losing your place in the rotation.<\/p>\n<p><\/p>\n<p>At the end of these additional casts, if the salmon refuses to take the fly, you must continue moving downstream of the pool.<\/p>\n<p><\/p>\n<p>When a salmon takes the fly, all other anglers must pull their lines out of the water while maintaining their position in the rotation without interfering with the fight. When an angler misses a salmon&#8217;s hookset, they may remain in their position in the rotation.<\/p>\n<p><\/p>\n<p>When a salmon takes your fly and the fight begins, you should move, if possible, towards the bottom of the pool so as not to disturb the other anglers. If you lose your catch during the fight, return to the beginning of the rotation upstream of the pool.<\/p>\n<p><\/p>\n<p>If you leave the line, you must return to the beginning of that rotation.<\/p>\n<p>[\/et_pb_text][et_pb_text module_class=&#8221;citrus&#8221; _builder_version=&#8221;4.27.4&#8243; _module_preset=&#8221;default&#8221; header_2_text_color=&#8221;#0694AC&#8221; header_2_font_size=&#8221;30px&#8221; custom_margin=&#8221;||5px||false|false&#8221; header_2_font_size_tablet=&#8221;40px&#8221; header_2_font_size_phone=&#8221;35px&#8221; header_2_font_size_last_edited=&#8221;on|tablet&#8221; global_colors_info=&#8221;{}&#8221;]<\/p>\n<h2>6 &#8211; Fishing on both sides of a pit<\/h2>\n<p>[\/et_pb_text][et_pb_text _builder_version=&#8221;4.27.4&#8243; _module_preset=&#8221;default&#8221; max_width=&#8221;95%&#8221; max_width_tablet=&#8221;100%&#8221; max_width_phone=&#8221;100%&#8221; max_width_last_edited=&#8221;on|desktop&#8221; custom_margin=&#8221;||7%||false|false&#8221; global_colors_info=&#8221;{}&#8221;]<\/p>\n<p>If a pool is fished from both sides, the fishermen on both sides must observe a single rotation and maintain the same distances between them as if they were all fishing from the same side of the river.<\/p>\n<p>[\/et_pb_text][et_pb_text module_class=&#8221;citrus&#8221; _builder_version=&#8221;4.27.4&#8243; _module_preset=&#8221;default&#8221; header_2_text_color=&#8221;#0694AC&#8221; header_2_font_size=&#8221;30px&#8221; custom_margin=&#8221;||5px||false|false&#8221; header_2_font_size_tablet=&#8221;40px&#8221; header_2_font_size_phone=&#8221;35px&#8221; header_2_font_size_last_edited=&#8221;on|tablet&#8221; global_colors_info=&#8221;{}&#8221;]<\/p>\n<h2>7 &#8211; Monopoly of a pit<\/h2>\n<p>[\/et_pb_text][et_pb_text _builder_version=&#8221;4.27.4&#8243; _module_preset=&#8221;default&#8221; max_width=&#8221;95%&#8221; max_width_tablet=&#8221;100%&#8221; max_width_phone=&#8221;100%&#8221; max_width_last_edited=&#8221;on|desktop&#8221; custom_margin=&#8221;||7%||false|false&#8221; global_colors_info=&#8221;{}&#8221;]<\/p>\n<p>It is forbidden to monopolize a fishing pool and prevent another fisherman from practicing his sport.<\/p>\n<p>[\/et_pb_text][et_pb_text module_class=&#8221;citrus&#8221; _builder_version=&#8221;4.27.4&#8243; _module_preset=&#8221;default&#8221; header_2_text_color=&#8221;#0694AC&#8221; header_2_font_size=&#8221;30px&#8221; custom_margin=&#8221;||5px||false|false&#8221; header_2_font_size_tablet=&#8221;40px&#8221; header_2_font_size_phone=&#8221;35px&#8221; header_2_font_size_last_edited=&#8221;on|tablet&#8221; global_colors_info=&#8221;{}&#8221;]<\/p>\n<h2>8 &#8211; Release<\/h2>\n<p>[\/et_pb_text][et_pb_text _builder_version=&#8221;4.27.4&#8243; _module_preset=&#8221;default&#8221; max_width=&#8221;95%&#8221; max_width_tablet=&#8221;100%&#8221; max_width_phone=&#8221;100%&#8221; max_width_last_edited=&#8221;on|desktop&#8221; custom_margin=&#8221;||7%||false|false&#8221; global_colors_info=&#8221;{}&#8221;]<\/p>\n<ul>\n<li>Release a maximum of 3 salmon and brook trout per day.<\/li>\n<li>Use proper catch and release practices.<\/li>\n<li>Report your releases to the ZEC.<\/li>\n<\/ul>\n<p>[\/et_pb_text][et_pb_text module_class=&#8221;citrus&#8221; _builder_version=&#8221;4.27.4&#8243; _module_preset=&#8221;default&#8221; header_2_text_color=&#8221;#0694AC&#8221; header_2_font_size=&#8221;30px&#8221; custom_margin=&#8221;||5px||false|false&#8221; header_2_font_size_tablet=&#8221;40px&#8221; header_2_font_size_phone=&#8221;35px&#8221; header_2_font_size_last_edited=&#8221;on|tablet&#8221; global_colors_info=&#8221;{}&#8221;]<\/p>\n<h2>9 &#8211; Know the regulations<\/h2>\n<p>[\/et_pb_text][et_pb_text _builder_version=&#8221;4.27.4&#8243; _module_preset=&#8221;default&#8221; max_width=&#8221;95%&#8221; max_width_tablet=&#8221;100%&#8221; max_width_phone=&#8221;100%&#8221; max_width_last_edited=&#8221;on|desktop&#8221; custom_margin=&#8221;||7%||false|false&#8221; global_colors_info=&#8221;{}&#8221;]<\/p>\n<p>It is your responsibility to be familiar with the regulations.<\/p>\n<p><\/p>\n<p>If you have any questions, you can consult the website of the Ministry of Forests, Wildlife and Parks.<\/p>\n<p>[\/et_pb_text][et_pb_text module_class=&#8221;citrus&#8221; _builder_version=&#8221;4.27.4&#8243; _module_preset=&#8221;default&#8221; header_2_text_color=&#8221;#0694AC&#8221; header_2_font_size=&#8221;30px&#8221; custom_margin=&#8221;||5px||false|false&#8221; header_2_font_size_tablet=&#8221;40px&#8221; header_2_font_size_phone=&#8221;35px&#8221; header_2_font_size_last_edited=&#8221;on|tablet&#8221; global_colors_info=&#8221;{}&#8221;]<\/p>\n<h2>10 &#8211; Beginner salmon fishermen and salmon fisherwomen<\/h2>\n<p>[\/et_pb_text][et_pb_text _builder_version=&#8221;4.27.4&#8243; _module_preset=&#8221;default&#8221; max_width=&#8221;95%&#8221; max_width_tablet=&#8221;100%&#8221; max_width_phone=&#8221;100%&#8221; max_width_last_edited=&#8221;on|desktop&#8221; custom_margin=&#8221;||7%||false|false&#8221; global_colors_info=&#8221;{}&#8221;]<\/p>\n<p>Be respectful and understanding towards novice anglers. Take this opportunity to give them advice.<\/p>\n<p>[\/et_pb_text][\/et_pb_column][\/et_pb_row][\/et_pb_section]<\/p>\n","protected":false},"excerpt":{"rendered":"<p>Code of EthicsCode of Ethics for Salmon Fishing on the Petite Cascapedia RiverThe salmon fishing code of ethics is not a fishing regulation. However, in order to maintain harmonious relationships with other anglers, it is requested that this code of ethics be respected so that everyone can practice their sport fairly and equitably.1 &#8211; Respect [&hellip;]<\/p>\n","protected":false},"author":1,"featured_media":0,"parent":0,"menu_order":0,"comment_status":"closed","ping_status":"closed","template":"","meta":{"_et_pb_use_builder":"on","_et_pb_old_content":"","_et_gb_content_width":"","inline_featured_image":false,"footnotes":""},"class_list":["post-628","page","type-page","status-publish","hentry"],"yoast_head":"<!-- This site is optimized with the Yoast SEO plugin v26.6 - https:\/\/yoast.com\/wordpress\/plugins\/seo\/ -->\n<title>Code of Ethics - ZEC Rivi\u00e8re Petite Cascap\u00e9dia<\/title>\n<meta name=\"robots\" content=\"index, follow, max-snippet:-1, max-image-preview:large, max-video-preview:-1\" \/>\n<link rel=\"canonical\" href=\"https:\/\/zecpetitecascapedia.com\/en\/code-of-ethics\/\" \/>\n<meta property=\"og:locale\" content=\"en_US\" \/>\n<meta property=\"og:type\" content=\"article\" \/>\n<meta property=\"og:title\" content=\"Code of Ethics - ZEC Rivi\u00e8re Petite Cascap\u00e9dia\" \/>\n<meta property=\"og:description\" content=\"Code of EthicsCode of Ethics for Salmon Fishing on the Petite Cascapedia RiverThe salmon fishing code of ethics is not a fishing regulation. However, in order to maintain harmonious relationships with other anglers, it is requested that this code of ethics be respected so that everyone can practice their sport fairly and equitably.1 - Respect [&hellip;]\" \/>\n<meta property=\"og:url\" content=\"https:\/\/zecpetitecascapedia.com\/en\/code-of-ethics\/\" \/>\n<meta property=\"og:site_name\" content=\"ZEC Rivi\u00e8re Petite Cascap\u00e9dia\" \/>\n<meta property=\"article:publisher\" content=\"https:\/\/www.facebook.com\/zecpetitecascapedia1\" \/>\n<meta property=\"article:modified_time\" content=\"2025-11-13T21:05:20+00:00\" \/>\n<meta property=\"og:image\" content=\"https:\/\/zecpetitecascapedia.com\/wp-content\/uploads\/2025\/10\/ec-petite-cascapedia-tirages-reservation.jpg\" \/>\n\t<meta property=\"og:image:width\" content=\"1200\" \/>\n\t<meta property=\"og:image:height\" content=\"798\" \/>\n\t<meta property=\"og:image:type\" content=\"image\/jpeg\" \/>\n<meta name=\"twitter:card\" content=\"summary_large_image\" \/>\n<meta name=\"twitter:label1\" content=\"Est. reading time\" \/>\n\t<meta name=\"twitter:data1\" content=\"10 minutes\" \/>\n<script type=\"application\/ld+json\" class=\"yoast-schema-graph\">{\"@context\":\"https:\/\/schema.org\",\"@graph\":[{\"@type\":\"WebPage\",\"@id\":\"https:\/\/zecpetitecascapedia.com\/en\/code-of-ethics\/\",\"url\":\"https:\/\/zecpetitecascapedia.com\/en\/code-of-ethics\/\",\"name\":\"Code of Ethics - ZEC Rivi\u00e8re Petite Cascap\u00e9dia\",\"isPartOf\":{\"@id\":\"https:\/\/zecpetitecascapedia.com\/#website\"},\"datePublished\":\"2025-10-10T20:09:30+00:00\",\"dateModified\":\"2025-11-13T21:05:20+00:00\",\"breadcrumb\":{\"@id\":\"https:\/\/zecpetitecascapedia.com\/en\/code-of-ethics\/#breadcrumb\"},\"inLanguage\":\"en-US\",\"potentialAction\":[{\"@type\":\"ReadAction\",\"target\":[\"https:\/\/zecpetitecascapedia.com\/en\/code-of-ethics\/\"]}]},{\"@type\":\"BreadcrumbList\",\"@id\":\"https:\/\/zecpetitecascapedia.com\/en\/code-of-ethics\/#breadcrumb\",\"itemListElement\":[{\"@type\":\"ListItem\",\"position\":1,\"name\":\"Accueil\",\"item\":\"https:\/\/zecpetitecascapedia.com\/\"},{\"@type\":\"ListItem\",\"position\":2,\"name\":\"Code of Ethics\"}]},{\"@type\":\"WebSite\",\"@id\":\"https:\/\/zecpetitecascapedia.com\/#website\",\"url\":\"https:\/\/zecpetitecascapedia.com\/\",\"name\":\"ZEC Rivi\u00e8re Petite Cascap\u00e9dia\",\"description\":\"Le paradis de la p\u00eache au saumon en Gasp\u00e9sie\",\"publisher\":{\"@id\":\"https:\/\/zecpetitecascapedia.com\/#organization\"},\"potentialAction\":[{\"@type\":\"SearchAction\",\"target\":{\"@type\":\"EntryPoint\",\"urlTemplate\":\"https:\/\/zecpetitecascapedia.com\/?s={search_term_string}\"},\"query-input\":{\"@type\":\"PropertyValueSpecification\",\"valueRequired\":true,\"valueName\":\"search_term_string\"}}],\"inLanguage\":\"en-US\"},{\"@type\":\"Organization\",\"@id\":\"https:\/\/zecpetitecascapedia.com\/#organization\",\"name\":\"ZEC Rivi\u00e8re Petite Cascap\u00e9dia\",\"url\":\"https:\/\/zecpetitecascapedia.com\/\",\"logo\":{\"@type\":\"ImageObject\",\"inLanguage\":\"en-US\",\"@id\":\"https:\/\/zecpetitecascapedia.com\/#\/schema\/logo\/image\/\",\"url\":\"https:\/\/zecpetitecascapedia.com\/wp-content\/uploads\/2025\/09\/logo-zec-petite-cascapedia.jpg\",\"contentUrl\":\"https:\/\/zecpetitecascapedia.com\/wp-content\/uploads\/2025\/09\/logo-zec-petite-cascapedia.jpg\",\"width\":500,\"height\":375,\"caption\":\"ZEC Rivi\u00e8re Petite Cascap\u00e9dia\"},\"image\":{\"@id\":\"https:\/\/zecpetitecascapedia.com\/#\/schema\/logo\/image\/\"},\"sameAs\":[\"https:\/\/www.facebook.com\/zecpetitecascapedia1\"]}]}<\/script>\n<!-- \/ Yoast SEO plugin. -->","yoast_head_json":{"title":"Code of Ethics - ZEC Rivi\u00e8re Petite Cascap\u00e9dia","robots":{"index":"index","follow":"follow","max-snippet":"max-snippet:-1","max-image-preview":"max-image-preview:large","max-video-preview":"max-video-preview:-1"},"canonical":"https:\/\/zecpetitecascapedia.com\/en\/code-of-ethics\/","og_locale":"en_US","og_type":"article","og_title":"Code of Ethics - ZEC Rivi\u00e8re Petite Cascap\u00e9dia","og_description":"Code of EthicsCode of Ethics for Salmon Fishing on the Petite Cascapedia RiverThe salmon fishing code of ethics is not a fishing regulation. However, in order to maintain harmonious relationships with other anglers, it is requested that this code of ethics be respected so that everyone can practice their sport fairly and equitably.1 - Respect [&hellip;]","og_url":"https:\/\/zecpetitecascapedia.com\/en\/code-of-ethics\/","og_site_name":"ZEC Rivi\u00e8re Petite Cascap\u00e9dia","article_publisher":"https:\/\/www.facebook.com\/zecpetitecascapedia1","article_modified_time":"2025-11-13T21:05:20+00:00","og_image":[{"width":1200,"height":798,"url":"https:\/\/zecpetitecascapedia.com\/wp-content\/uploads\/2025\/10\/ec-petite-cascapedia-tirages-reservation.jpg","type":"image\/jpeg"}],"twitter_card":"summary_large_image","twitter_misc":{"Est. reading time":"10 minutes"},"schema":{"@context":"https:\/\/schema.org","@graph":[{"@type":"WebPage","@id":"https:\/\/zecpetitecascapedia.com\/en\/code-of-ethics\/","url":"https:\/\/zecpetitecascapedia.com\/en\/code-of-ethics\/","name":"Code of Ethics - ZEC Rivi\u00e8re Petite Cascap\u00e9dia","isPartOf":{"@id":"https:\/\/zecpetitecascapedia.com\/#website"},"datePublished":"2025-10-10T20:09:30+00:00","dateModified":"2025-11-13T21:05:20+00:00","breadcrumb":{"@id":"https:\/\/zecpetitecascapedia.com\/en\/code-of-ethics\/#breadcrumb"},"inLanguage":"en-US","potentialAction":[{"@type":"ReadAction","target":["https:\/\/zecpetitecascapedia.com\/en\/code-of-ethics\/"]}]},{"@type":"BreadcrumbList","@id":"https:\/\/zecpetitecascapedia.com\/en\/code-of-ethics\/#breadcrumb","itemListElement":[{"@type":"ListItem","position":1,"name":"Accueil","item":"https:\/\/zecpetitecascapedia.com\/"},{"@type":"ListItem","position":2,"name":"Code of Ethics"}]},{"@type":"WebSite","@id":"https:\/\/zecpetitecascapedia.com\/#website","url":"https:\/\/zecpetitecascapedia.com\/","name":"ZEC Rivi\u00e8re Petite Cascap\u00e9dia","description":"Le paradis de la p\u00eache au saumon en Gasp\u00e9sie","publisher":{"@id":"https:\/\/zecpetitecascapedia.com\/#organization"},"potentialAction":[{"@type":"SearchAction","target":{"@type":"EntryPoint","urlTemplate":"https:\/\/zecpetitecascapedia.com\/?s={search_term_string}"},"query-input":{"@type":"PropertyValueSpecification","valueRequired":true,"valueName":"search_term_string"}}],"inLanguage":"en-US"},{"@type":"Organization","@id":"https:\/\/zecpetitecascapedia.com\/#organization","name":"ZEC Rivi\u00e8re Petite Cascap\u00e9dia","url":"https:\/\/zecpetitecascapedia.com\/","logo":{"@type":"ImageObject","inLanguage":"en-US","@id":"https:\/\/zecpetitecascapedia.com\/#\/schema\/logo\/image\/","url":"https:\/\/zecpetitecascapedia.com\/wp-content\/uploads\/2025\/09\/logo-zec-petite-cascapedia.jpg","contentUrl":"https:\/\/zecpetitecascapedia.com\/wp-content\/uploads\/2025\/09\/logo-zec-petite-cascapedia.jpg","width":500,"height":375,"caption":"ZEC Rivi\u00e8re Petite Cascap\u00e9dia"},"image":{"@id":"https:\/\/zecpetitecascapedia.com\/#\/schema\/logo\/image\/"},"sameAs":["https:\/\/www.facebook.com\/zecpetitecascapedia1"]}]}},"_links":{"self":[{"href":"https:\/\/zecpetitecascapedia.com\/en\/wp-json\/wp\/v2\/pages\/628","targetHints":{"allow":["GET"]}}],"collection":[{"href":"https:\/\/zecpetitecascapedia.com\/en\/wp-json\/wp\/v2\/pages"}],"about":[{"href":"https:\/\/zecpetitecascapedia.com\/en\/wp-json\/wp\/v2\/types\/page"}],"author":[{"embeddable":true,"href":"https:\/\/zecpetitecascapedia.com\/en\/wp-json\/wp\/v2\/users\/1"}],"replies":[{"embeddable":true,"href":"https:\/\/zecpetitecascapedia.com\/en\/wp-json\/wp\/v2\/comments?post=628"}],"version-history":[{"count":5,"href":"https:\/\/zecpetitecascapedia.com\/en\/wp-json\/wp\/v2\/pages\/628\/revisions"}],"predecessor-version":[{"id":633,"href":"https:\/\/zecpetitecascapedia.com\/en\/wp-json\/wp\/v2\/pages\/628\/revisions\/633"}],"wp:attachment":[{"href":"https:\/\/zecpetitecascapedia.com\/en\/wp-json\/wp\/v2\/media?parent=628"}],"curies":[{"name":"wp","href":"https:\/\/api.w.org\/{rel}","templated":true}]}}